{"id":804,"date":"2017-01-10T14:25:40","date_gmt":"2017-01-10T14:25:40","guid":{"rendered":"http:\/\/greenyard.ee\/services\/"},"modified":"2017-02-28T17:41:50","modified_gmt":"2017-02-28T15:41:50","slug":"teenused","status":"publish","type":"page","link":"https:\/\/greenyard.ee\/et\/teenused\/","title":{"rendered":"Teenused"},"content":{"rendered":"\n<style type=\"text\/css\" data-created_by=\"avia_inline_auto\" id=\"style-css-av-av_one_fourth-6126cab7d8fab8d08143dd2dacdf673c\">\n.flex_column.av-av_one_fourth-6126cab7d8fab8d08143dd2dacdf673c{\nborder-radius:0px 0px 0px 0px;\npadding:0px 0px 0px 0px;\n}\n<\/style>\n<div  class='flex_column av-av_one_fourth-6126cab7d8fab8d08143dd2dacdf673c av_one_fourth  avia-builder-el-0  el_before_av_section  avia-builder-el-no-sibling  first flex_column_div av-zero-column-padding  '     ><style type=\"text\/css\" data-created_by=\"avia_inline_auto\" id=\"style-css-av-av_image-2baf8f2227dd0d6800719ce0b14b1d2b\">\n.avia-image-container.av-av_image-2baf8f2227dd0d6800719ce0b14b1d2b img.avia_image{\nbox-shadow:none;\n}\n.avia-image-container.av-av_image-2baf8f2227dd0d6800719ce0b14b1d2b .av-image-caption-overlay-center{\ncolor:#ffffff;\n}\n<\/style>\n<div  class='avia-image-container av-av_image-2baf8f2227dd0d6800719ce0b14b1d2b av-styling- avia-align-center  avia-builder-el-1  avia-builder-el-no-sibling '   itemprop=\"image\" itemscope=\"itemscope\" itemtype=\"https:\/\/schema.org\/ImageObject\" ><div class=\"avia-image-container-inner\"><div class=\"avia-image-overlay-wrap\"><img decoding=\"async\" fetchpriority=\"high\" class='wp-image-1031 avia-img-lazy-loading-not-1031 avia_image ' src=\"https:\/\/greenyard.ee\/wp-content\/uploads\/2015\/02\/gysmall.png\" alt='' title='gysmall'  height=\"100\" width=\"286\"  itemprop=\"thumbnailUrl\"  \/><\/div><\/div><\/div><\/div>\n<\/div><\/div><\/div><!-- close content main div --><\/div><\/div><div id='metal-production'  class='avia-section av-av_section-71254eb8792ca6e32cd1861f737563f1 main_color avia-section-default avia-no-shadow  avia-builder-el-2  el_after_av_one_fourth  el_before_av_section  avia-bg-style-scroll container_wrap fullsize'  ><div class='container av-section-cont-open' ><div class='template-page content  av-content-full alpha units'><div class='post-entry post-entry-type-page post-entry-804'><div class='entry-content-wrapper clearfix'>\n\n<style type=\"text\/css\" data-created_by=\"avia_inline_auto\" id=\"style-css-av-av_two_third-5963d433e9704a79a939a26a68b6565d\">\n.flex_column.av-av_two_third-5963d433e9704a79a939a26a68b6565d{\nborder-radius:0px 0px 0px 0px;\npadding:0px 0px 50px 0px;\n}\n<\/style>\n<div  class='flex_column av-av_two_third-5963d433e9704a79a939a26a68b6565d av_two_third  avia-builder-el-3  el_before_av_one_third  avia-builder-el-first  first flex_column_div  '     ><section  class='av_textblock_section av-av_textblock-0366cc7376be6c9e82a3e9cc8987b64f '   itemscope=\"itemscope\" itemtype=\"https:\/\/schema.org\/CreativeWork\" ><div class='avia_textblock'  itemprop=\"text\" ><h1>METALLIT\u00d6\u00d6STUSE SEKTORI T\u00d6\u00d6TAJAD<\/h1>\n<p>PAKUME J\u00c4RGMISEID SPETSIALISTE METALLIT\u00d6\u00d6STUSE SEKTORIS<\/p>\n<div class=\"flex_column av_one_third flex_column_div av-zero-column-padding avia-builder-el-4 \" style=\"border-radius: 0px; margin-left: 0px;\">Keevitaja<br \/>\nS\u00fcsinikterase keevitamine<br \/>\nRoostevara terase keevitamine<br \/>\nAllumiiniumi keevitamine<br \/>\nLukksepp<br \/>\nLukksepp torupanija<br \/>\nLaevakere paigaldaja<\/div>\n<div class=\"flex_column av_one_third flex_column_div av-zero-column-padding avia-builder-el-4 \" style=\"border-radius: 0px; margin-left: 0px;\">Metallkonstruktsioonide kokkupanija<br \/>\nCNC operaator<br \/>\nPuurimismasina juht<br \/>\nTreipingi operaator<br \/>\nFreespingi operaator<br \/>\nPainutuspingi operaator<\/div>\n<\/div><\/section><\/div>\n<style type=\"text\/css\" data-created_by=\"avia_inline_auto\" id=\"style-css-av-av_one_third-0aa7055fe62c3622faec82866afbaeb2\">\n.flex_column.av-av_one_third-0aa7055fe62c3622faec82866afbaeb2{\nborder-radius:0px 0px 0px 0px;\npadding:0px 0px 0px 0px;\n}\n<\/style>\n<div  class='flex_column av-av_one_third-0aa7055fe62c3622faec82866afbaeb2 av_one_third  avia-builder-el-5  el_after_av_two_third  avia-builder-el-last  flex_column_div av-zero-column-padding  '     ><style type=\"text\/css\" data-created_by=\"avia_inline_auto\" id=\"style-css-av-av_image-1b0cbbf34be0371cdea7c8dc40afb7d7\">\n.avia-image-container.av-av_image-1b0cbbf34be0371cdea7c8dc40afb7d7 img.avia_image{\nbox-shadow:none;\n}\n.avia-image-container.av-av_image-1b0cbbf34be0371cdea7c8dc40afb7d7 .av-image-caption-overlay-center{\ncolor:#ffffff;\n}\n<\/style>\n<div  class='avia-image-container av-av_image-1b0cbbf34be0371cdea7c8dc40afb7d7 av-styling- avia-align-center  avia-builder-el-6  avia-builder-el-no-sibling '   itemprop=\"image\" itemscope=\"itemscope\" itemtype=\"https:\/\/schema.org\/ImageObject\" ><div class=\"avia-image-container-inner\"><div class=\"avia-image-overlay-wrap\"><img decoding=\"async\" fetchpriority=\"high\" class='wp-image-1001 avia-img-lazy-loading-not-1001 avia_image ' src=\"https:\/\/greenyard.ee\/wp-content\/uploads\/2015\/02\/metallproductionworkers-1.jpg\" alt='' title='metallproductionworkers'  height=\"250\" width=\"400\"  itemprop=\"thumbnailUrl\" srcset=\"https:\/\/greenyard.ee\/wp-content\/uploads\/2015\/02\/metallproductionworkers-1.jpg 400w, https:\/\/greenyard.ee\/wp-content\/uploads\/2015\/02\/metallproductionworkers-1-300x188.jpg 300w\" sizes=\"(max-width: 400px) 100vw, 400px\" \/><\/div><\/div><\/div><\/div><\/div><\/div><\/div><!-- close content main div --><\/div><\/div><div id='industrial-painters'  class='avia-section av-av_section-f5319dbb4211ff034dc2f3ac43631c5a main_color avia-section-default avia-no-shadow  avia-builder-el-7  el_after_av_section  el_before_av_section  avia-bg-style-scroll container_wrap fullsize'  ><div class='container av-section-cont-open' ><div class='template-page content  av-content-full alpha units'><div class='post-entry post-entry-type-page post-entry-804'><div class='entry-content-wrapper clearfix'>\n\n<style type=\"text\/css\" data-created_by=\"avia_inline_auto\" id=\"style-css-av-av_two_third-5963d433e9704a79a939a26a68b6565d\">\n.flex_column.av-av_two_third-5963d433e9704a79a939a26a68b6565d{\nborder-radius:0px 0px 0px 0px;\npadding:0px 0px 50px 0px;\n}\n<\/style>\n<div  class='flex_column av-av_two_third-5963d433e9704a79a939a26a68b6565d av_two_third  avia-builder-el-8  el_before_av_one_third  avia-builder-el-first  first flex_column_div  '     ><section  class='av_textblock_section av-av_textblock-0366cc7376be6c9e82a3e9cc8987b64f '   itemscope=\"itemscope\" itemtype=\"https:\/\/schema.org\/CreativeWork\" ><div class='avia_textblock'  itemprop=\"text\" ><h1>INDUSTRIAALNE V\u00c4RVIMINE<\/h1>\n<p>PAKUME J\u00c4RGMISI INDUSTRIAALSE V\u00c4RVIMISE SEKTORI T\u00d6\u00d6TAJAID<\/p>\n<p>Spreiv\u00e4rvimise spetsialist<br \/>\nLiivapritsit\u00f6\u00f6de spetsialist<br \/>\nKuulipritsit\u00f6\u00f6de spetsialist<br \/>\nAutode v\u00e4rvimise spetsialist<br \/>\nPulberv\u00e4rvime spetsialist<\/p>\n<\/div><\/section><\/div>\n<style type=\"text\/css\" data-created_by=\"avia_inline_auto\" id=\"style-css-av-av_one_third-0aa7055fe62c3622faec82866afbaeb2\">\n.flex_column.av-av_one_third-0aa7055fe62c3622faec82866afbaeb2{\nborder-radius:0px 0px 0px 0px;\npadding:0px 0px 0px 0px;\n}\n<\/style>\n<div  class='flex_column av-av_one_third-0aa7055fe62c3622faec82866afbaeb2 av_one_third  avia-builder-el-10  el_after_av_two_third  avia-builder-el-last  flex_column_div av-zero-column-padding  '     ><style type=\"text\/css\" data-created_by=\"avia_inline_auto\" id=\"style-css-av-av_image-1715f9daa67297d36cb3ec0a7843bd79\">\n.avia-image-container.av-av_image-1715f9daa67297d36cb3ec0a7843bd79 img.avia_image{\nbox-shadow:none;\n}\n.avia-image-container.av-av_image-1715f9daa67297d36cb3ec0a7843bd79 .av-image-caption-overlay-center{\ncolor:#ffffff;\n}\n<\/style>\n<div  class='avia-image-container av-av_image-1715f9daa67297d36cb3ec0a7843bd79 av-styling- avia-align-center  avia-builder-el-11  avia-builder-el-no-sibling '   itemprop=\"image\" itemscope=\"itemscope\" itemtype=\"https:\/\/schema.org\/ImageObject\" ><div class=\"avia-image-container-inner\"><div class=\"avia-image-overlay-wrap\"><img decoding=\"async\" fetchpriority=\"high\" class='wp-image-1013 avia-img-lazy-loading-not-1013 avia_image ' src=\"https:\/\/greenyard.ee\/wp-content\/uploads\/2015\/02\/industrialpainters.jpg\" alt='' title='industrialpainters'  height=\"250\" width=\"400\"  itemprop=\"thumbnailUrl\" srcset=\"https:\/\/greenyard.ee\/wp-content\/uploads\/2015\/02\/industrialpainters.jpg 400w, https:\/\/greenyard.ee\/wp-content\/uploads\/2015\/02\/industrialpainters-300x188.jpg 300w\" sizes=\"(max-width: 400px) 100vw, 400px\" \/><\/div><\/div><\/div><\/div><\/div><\/div><\/div><!-- close content main div --><\/div><\/div><div id='construction-sector'  class='avia-section av-av_section-ea53592c037f6afe158bf067a1d89467 main_color avia-section-default avia-no-shadow  avia-builder-el-12  el_after_av_section  el_before_av_section  avia-bg-style-scroll container_wrap fullsize'  ><div class='container av-section-cont-open' ><div class='template-page content  av-content-full alpha units'><div class='post-entry post-entry-type-page post-entry-804'><div class='entry-content-wrapper clearfix'>\n\n<style type=\"text\/css\" data-created_by=\"avia_inline_auto\" id=\"style-css-av-av_two_third-5963d433e9704a79a939a26a68b6565d\">\n.flex_column.av-av_two_third-5963d433e9704a79a939a26a68b6565d{\nborder-radius:0px 0px 0px 0px;\npadding:0px 0px 50px 0px;\n}\n<\/style>\n<div  class='flex_column av-av_two_third-5963d433e9704a79a939a26a68b6565d av_two_third  avia-builder-el-13  el_before_av_one_third  avia-builder-el-first  first flex_column_div  '     ><section  class='av_textblock_section av-av_textblock-0366cc7376be6c9e82a3e9cc8987b64f '   itemscope=\"itemscope\" itemtype=\"https:\/\/schema.org\/CreativeWork\" ><div class='avia_textblock'  itemprop=\"text\" ><h1>EHITUSSEKTORI T\u00d6\u00d6TAJAD<\/h1>\n<p>PAKUME J\u00c4RGMISEID EHITUSSEKTORI T\u00d6\u00d6TAJAID<\/p>\n<div class=\"flex_column av_one_third flex_column_div av-zero-column-padding avia-builder-el-4 \" style=\"border-radius: 0px; margin-left: 0px;\">Puusepp<br \/>\nKatusekatja<br \/>\nBetoonvalaja<br \/>\nM\u00fc\u00fcrsepp<br \/>\nLammutust\u00f6\u00f6de teostaja<br \/>\nPlaatija<br \/>\nPottsepp<br \/>\nMasina operaator<br \/>\nAutokaara operaator<br \/>\nTornkraanade operaator<br \/>\nBetoonpumpade operaator<\/div>\n<div class=\"flex_column av_one_third flex_column_div av-zero-column-padding avia-builder-el-4 \" style=\"border-radius: 0px; margin-left: 0px;\">Teleskooplaadurite operaator<br \/>\nT\u00f5stukite operaator<br \/>\nAutojuht<br \/>\nSepp<br \/>\nMaastiku disainer<br \/>\nLaadurite operaator<br \/>\nTraktorist<br \/>\nRoomiklaadurite operaator<br \/>\nBuldooserite operaator<br \/>\nVeoautojuht<br \/>\nRammimisseadmete operaator<\/div>\n<\/div><\/section><\/div>\n<style type=\"text\/css\" data-created_by=\"avia_inline_auto\" id=\"style-css-av-av_one_third-0aa7055fe62c3622faec82866afbaeb2\">\n.flex_column.av-av_one_third-0aa7055fe62c3622faec82866afbaeb2{\nborder-radius:0px 0px 0px 0px;\npadding:0px 0px 0px 0px;\n}\n<\/style>\n<div  class='flex_column av-av_one_third-0aa7055fe62c3622faec82866afbaeb2 av_one_third  avia-builder-el-15  el_after_av_two_third  avia-builder-el-last  flex_column_div av-zero-column-padding  '     ><style type=\"text\/css\" data-created_by=\"avia_inline_auto\" id=\"style-css-av-av_image-0db526efa4b626f2f3af32f80b15d622\">\n.avia-image-container.av-av_image-0db526efa4b626f2f3af32f80b15d622 img.avia_image{\nbox-shadow:none;\n}\n.avia-image-container.av-av_image-0db526efa4b626f2f3af32f80b15d622 .av-image-caption-overlay-center{\ncolor:#ffffff;\n}\n<\/style>\n<div  class='avia-image-container av-av_image-0db526efa4b626f2f3af32f80b15d622 av-styling- avia-align-center  avia-builder-el-16  avia-builder-el-no-sibling '   itemprop=\"image\" itemscope=\"itemscope\" itemtype=\"https:\/\/schema.org\/ImageObject\" ><div class=\"avia-image-container-inner\"><div class=\"avia-image-overlay-wrap\"><img decoding=\"async\" fetchpriority=\"high\" class='wp-image-1003 avia-img-lazy-loading-not-1003 avia_image ' src=\"https:\/\/greenyard.ee\/wp-content\/uploads\/2015\/02\/constructionsectorworkers.jpg\" alt='' title='constructionsectorworkers'  height=\"250\" width=\"400\"  itemprop=\"thumbnailUrl\" srcset=\"https:\/\/greenyard.ee\/wp-content\/uploads\/2015\/02\/constructionsectorworkers.jpg 400w, https:\/\/greenyard.ee\/wp-content\/uploads\/2015\/02\/constructionsectorworkers-300x188.jpg 300w\" sizes=\"(max-width: 400px) 100vw, 400px\" \/><\/div><\/div><\/div><\/div><\/div><\/div><\/div><!-- close content main div --><\/div><\/div><div id='fish-industry'  class='avia-section av-av_section-092ffbc5caa1535951d4a35ba2edf2d6 main_color avia-section-default avia-no-shadow  avia-builder-el-17  el_after_av_section  el_before_av_section  avia-bg-style-scroll container_wrap fullsize'  ><div class='container av-section-cont-open' ><div class='template-page content  av-content-full alpha units'><div class='post-entry post-entry-type-page post-entry-804'><div class='entry-content-wrapper clearfix'>\n\n<style type=\"text\/css\" data-created_by=\"avia_inline_auto\" id=\"style-css-av-av_two_third-5963d433e9704a79a939a26a68b6565d\">\n.flex_column.av-av_two_third-5963d433e9704a79a939a26a68b6565d{\nborder-radius:0px 0px 0px 0px;\npadding:0px 0px 50px 0px;\n}\n<\/style>\n<div  class='flex_column av-av_two_third-5963d433e9704a79a939a26a68b6565d av_two_third  avia-builder-el-18  el_before_av_one_third  avia-builder-el-first  first flex_column_div  '     ><section  class='av_textblock_section av-av_textblock-0366cc7376be6c9e82a3e9cc8987b64f '   itemscope=\"itemscope\" itemtype=\"https:\/\/schema.org\/CreativeWork\" ><div class='avia_textblock'  itemprop=\"text\" ><h1>KALAT\u00d6\u00d6STUSE T\u00d6\u00d6TAJAD<\/h1>\n<p>PAKUME J\u00c4RGMISI KALAT\u00d6\u00d6STUSSEKTORI T\u00d6\u00d6TAJAID<\/p>\n<p>Kalat\u00f6\u00f6stuse tehnoloog<br \/>\nKala fileerija<br \/>\nKala l\u00f5ikaja<br \/>\nPakkija<br \/>\nK\u00fclmutustehnik<br \/>\nKala soolamise tehnik<\/p>\n<\/div><\/section><\/div>\n<style type=\"text\/css\" data-created_by=\"avia_inline_auto\" id=\"style-css-av-av_one_third-0aa7055fe62c3622faec82866afbaeb2\">\n.flex_column.av-av_one_third-0aa7055fe62c3622faec82866afbaeb2{\nborder-radius:0px 0px 0px 0px;\npadding:0px 0px 0px 0px;\n}\n<\/style>\n<div  class='flex_column av-av_one_third-0aa7055fe62c3622faec82866afbaeb2 av_one_third  avia-builder-el-20  el_after_av_two_third  avia-builder-el-last  flex_column_div av-zero-column-padding  '     ><style type=\"text\/css\" data-created_by=\"avia_inline_auto\" id=\"style-css-av-av_image-d29edadb6e88e906024bc2a8b5bd7195\">\n.avia-image-container.av-av_image-d29edadb6e88e906024bc2a8b5bd7195 img.avia_image{\nbox-shadow:none;\n}\n.avia-image-container.av-av_image-d29edadb6e88e906024bc2a8b5bd7195 .av-image-caption-overlay-center{\ncolor:#ffffff;\n}\n<\/style>\n<div  class='avia-image-container av-av_image-d29edadb6e88e906024bc2a8b5bd7195 av-styling- avia-align-center  avia-builder-el-21  avia-builder-el-no-sibling '   itemprop=\"image\" itemscope=\"itemscope\" itemtype=\"https:\/\/schema.org\/ImageObject\" ><div class=\"avia-image-container-inner\"><div class=\"avia-image-overlay-wrap\"><img decoding=\"async\" fetchpriority=\"high\" class='wp-image-1041 avia-img-lazy-loading-not-1041 avia_image ' src=\"https:\/\/greenyard.ee\/wp-content\/uploads\/2015\/02\/fishindustry.jpg\" alt='' title='fishindustry'  height=\"250\" width=\"400\"  itemprop=\"thumbnailUrl\" srcset=\"https:\/\/greenyard.ee\/wp-content\/uploads\/2015\/02\/fishindustry.jpg 400w, https:\/\/greenyard.ee\/wp-content\/uploads\/2015\/02\/fishindustry-300x188.jpg 300w\" sizes=\"(max-width: 400px) 100vw, 400px\" \/><\/div><\/div><\/div><\/div><\/div><\/div><\/div><!-- close content main div --><\/div><\/div><div id='agricultural-sector'  class='avia-section av-av_section-418aa278c544932cef65070066ce9cee main_color avia-section-default avia-no-shadow  avia-builder-el-22  el_after_av_section  el_before_av_section  avia-bg-style-scroll container_wrap fullsize'  ><div class='container av-section-cont-open' ><div class='template-page content  av-content-full alpha units'><div class='post-entry post-entry-type-page post-entry-804'><div class='entry-content-wrapper clearfix'>\n\n<style type=\"text\/css\" data-created_by=\"avia_inline_auto\" id=\"style-css-av-av_two_third-5963d433e9704a79a939a26a68b6565d\">\n.flex_column.av-av_two_third-5963d433e9704a79a939a26a68b6565d{\nborder-radius:0px 0px 0px 0px;\npadding:0px 0px 50px 0px;\n}\n<\/style>\n<div  class='flex_column av-av_two_third-5963d433e9704a79a939a26a68b6565d av_two_third  avia-builder-el-23  el_before_av_one_third  avia-builder-el-first  first flex_column_div  '     ><section  class='av_textblock_section av-av_textblock-0366cc7376be6c9e82a3e9cc8987b64f '   itemscope=\"itemscope\" itemtype=\"https:\/\/schema.org\/CreativeWork\" ><div class='avia_textblock'  itemprop=\"text\" ><h1>P\u00d5LLUMAJANDUSSEKTORI T\u00d6\u00d6TAJAD<\/h1>\n<p>PAKUME J\u00c4RGMISI P\u00d5LLUMAJANDUSSEKTORI T\u00d6\u00d6TAJAID<\/p>\n<p>L\u00fcpsimismasinate operaator<br \/>\nP\u00f5llumajandustehnika operaator<br \/>\nTalut\u00f6\u00f6taja<br \/>\nKasvuhoonete t\u00f6\u00f6taja<\/p>\n<\/div><\/section><\/div>\n<style type=\"text\/css\" data-created_by=\"avia_inline_auto\" id=\"style-css-av-av_one_third-0aa7055fe62c3622faec82866afbaeb2\">\n.flex_column.av-av_one_third-0aa7055fe62c3622faec82866afbaeb2{\nborder-radius:0px 0px 0px 0px;\npadding:0px 0px 0px 0px;\n}\n<\/style>\n<div  class='flex_column av-av_one_third-0aa7055fe62c3622faec82866afbaeb2 av_one_third  avia-builder-el-25  el_after_av_two_third  avia-builder-el-last  flex_column_div av-zero-column-padding  '     ><style type=\"text\/css\" data-created_by=\"avia_inline_auto\" id=\"style-css-av-av_image-f581cffca9cf4eb12fe88ca29a04a37c\">\n.avia-image-container.av-av_image-f581cffca9cf4eb12fe88ca29a04a37c img.avia_image{\nbox-shadow:none;\n}\n.avia-image-container.av-av_image-f581cffca9cf4eb12fe88ca29a04a37c .av-image-caption-overlay-center{\ncolor:#ffffff;\n}\n<\/style>\n<div  class='avia-image-container av-av_image-f581cffca9cf4eb12fe88ca29a04a37c av-styling- avia-align-center  avia-builder-el-26  avia-builder-el-no-sibling '   itemprop=\"image\" itemscope=\"itemscope\" itemtype=\"https:\/\/schema.org\/ImageObject\" ><div class=\"avia-image-container-inner\"><div class=\"avia-image-overlay-wrap\"><img decoding=\"async\" fetchpriority=\"high\" class='wp-image-1015 avia-img-lazy-loading-not-1015 avia_image ' src=\"https:\/\/greenyard.ee\/wp-content\/uploads\/2015\/02\/agriculturalsectorworkers.jpg\" alt='' title='agriculturalsectorworkers'  height=\"250\" width=\"400\"  itemprop=\"thumbnailUrl\" srcset=\"https:\/\/greenyard.ee\/wp-content\/uploads\/2015\/02\/agriculturalsectorworkers.jpg 400w, https:\/\/greenyard.ee\/wp-content\/uploads\/2015\/02\/agriculturalsectorworkers-300x188.jpg 300w\" sizes=\"(max-width: 400px) 100vw, 400px\" \/><\/div><\/div><\/div><\/div><\/div><\/div><\/div><!-- close content main div --><\/div><\/div><div id='service-sector'  class='avia-section av-av_section-19e55e76cf50feb559c3711204793909 main_color avia-section-default avia-no-shadow  avia-builder-el-27  el_after_av_section  avia-builder-el-last  avia-bg-style-scroll container_wrap fullsize'  ><div class='container av-section-cont-open' ><div class='template-page content  av-content-full alpha units'><div class='post-entry post-entry-type-page post-entry-804'><div class='entry-content-wrapper clearfix'>\n\n<style type=\"text\/css\" data-created_by=\"avia_inline_auto\" id=\"style-css-av-av_two_third-6126cab7d8fab8d08143dd2dacdf673c\">\n.flex_column.av-av_two_third-6126cab7d8fab8d08143dd2dacdf673c{\nborder-radius:0px 0px 0px 0px;\npadding:0px 0px 0px 0px;\n}\n<\/style>\n<div  class='flex_column av-av_two_third-6126cab7d8fab8d08143dd2dacdf673c av_two_third  avia-builder-el-28  el_before_av_one_third  avia-builder-el-first  first flex_column_div av-zero-column-padding  '     ><section  class='av_textblock_section av-av_textblock-0366cc7376be6c9e82a3e9cc8987b64f '   itemscope=\"itemscope\" itemtype=\"https:\/\/schema.org\/CreativeWork\" ><div class='avia_textblock'  itemprop=\"text\" ><h1>TEENINDUSVALDKONNA T\u00d6\u00d6TAJAD<\/h1>\n<p>PAKUME J\u00c4RGMISI TEENINDUSSEKTORI T\u00d6\u00d6TAJAID<\/p>\n<p>Majade ja korterite koristaja<br \/>\nT\u00e4navakoristaja<br \/>\nAednik<br \/>\nKorstnap\u00fchkija<\/p>\n<\/div><\/section><\/div>\n<style type=\"text\/css\" data-created_by=\"avia_inline_auto\" id=\"style-css-av-av_one_third-0aa7055fe62c3622faec82866afbaeb2\">\n.flex_column.av-av_one_third-0aa7055fe62c3622faec82866afbaeb2{\nborder-radius:0px 0px 0px 0px;\npadding:0px 0px 0px 0px;\n}\n<\/style>\n<div  class='flex_column av-av_one_third-0aa7055fe62c3622faec82866afbaeb2 av_one_third  avia-builder-el-30  el_after_av_two_third  avia-builder-el-last  flex_column_div av-zero-column-padding  '     ><style type=\"text\/css\" data-created_by=\"avia_inline_auto\" id=\"style-css-av-av_image-c1aa4836f5756c262de57e14ddb0816f\">\n.avia-image-container.av-av_image-c1aa4836f5756c262de57e14ddb0816f img.avia_image{\nbox-shadow:none;\n}\n.avia-image-container.av-av_image-c1aa4836f5756c262de57e14ddb0816f .av-image-caption-overlay-center{\ncolor:#ffffff;\n}\n<\/style>\n<div  class='avia-image-container av-av_image-c1aa4836f5756c262de57e14ddb0816f av-styling- avia-align-center  avia-builder-el-31  avia-builder-el-no-sibling '   itemprop=\"image\" itemscope=\"itemscope\" itemtype=\"https:\/\/schema.org\/ImageObject\" ><div class=\"avia-image-container-inner\"><div class=\"avia-image-overlay-wrap\"><img decoding=\"async\" fetchpriority=\"high\" class='wp-image-1017 avia-img-lazy-loading-not-1017 avia_image ' src=\"https:\/\/greenyard.ee\/wp-content\/uploads\/2015\/02\/servicesectorworkers.jpg\" alt='' title='servicesectorworkers'  height=\"250\" width=\"400\"  itemprop=\"thumbnailUrl\" srcset=\"https:\/\/greenyard.ee\/wp-content\/uploads\/2015\/02\/servicesectorworkers.jpg 400w, https:\/\/greenyard.ee\/wp-content\/uploads\/2015\/02\/servicesectorworkers-300x188.jpg 300w\" sizes=\"(max-width: 400px) 100vw, 400px\" \/><\/div><\/div><\/div><\/div><\/p>\n","protected":false},"excerpt":{"rendered":"","protected":false},"author":1,"featured_media":0,"parent":0,"menu_order":0,"comment_status":"closed","ping_status":"closed","template":"","meta":{"footnotes":""},"yoast_head":"<!-- This site is optimized with the Yoast SEO plugin v24.4 - https:\/\/yoast.com\/wordpress\/plugins\/seo\/ -->\n<title>Teenused - Greenyard<\/title>\n<meta name=\"robots\" content=\"index, follow, max-snippet:-1, max-image-preview:large, max-video-preview:-1\" \/>\n<link rel=\"canonical\" href=\"https:\/\/greenyard.ee\/services\/\" \/>\n<meta property=\"og:locale\" content=\"et_EE\" \/>\n<meta property=\"og:type\" content=\"article\" \/>\n<meta property=\"og:title\" content=\"Teenused - Greenyard\" \/>\n<meta property=\"og:url\" content=\"https:\/\/greenyard.ee\/services\/\" \/>\n<meta property=\"og:site_name\" content=\"Greenyard\" \/>\n<meta property=\"article:modified_time\" content=\"2017-02-28T15:41:50+00:00\" \/>\n<meta name=\"twitter:card\" content=\"summary_large_image\" \/>\n<meta name=\"twitter:label1\" content=\"Est. reading time\" \/>\n\t<meta name=\"twitter:data1\" content=\"9 minutit\" \/>\n<script type=\"application\/ld+json\" class=\"yoast-schema-graph\">{\"@context\":\"https:\/\/schema.org\",\"@graph\":[{\"@type\":\"WebPage\",\"@id\":\"https:\/\/greenyard.ee\/services\/\",\"url\":\"https:\/\/greenyard.ee\/services\/\",\"name\":\"Teenused - Greenyard\",\"isPartOf\":{\"@id\":\"https:\/\/greenyard.ee\/#website\"},\"datePublished\":\"2017-01-10T14:25:40+00:00\",\"dateModified\":\"2017-02-28T15:41:50+00:00\",\"breadcrumb\":{\"@id\":\"https:\/\/greenyard.ee\/services\/#breadcrumb\"},\"inLanguage\":\"et\",\"potentialAction\":[{\"@type\":\"ReadAction\",\"target\":[\"https:\/\/greenyard.ee\/services\/\"]}]},{\"@type\":\"BreadcrumbList\",\"@id\":\"https:\/\/greenyard.ee\/services\/#breadcrumb\",\"itemListElement\":[{\"@type\":\"ListItem\",\"position\":1,\"name\":\"Home\",\"item\":\"https:\/\/greenyard.ee\/et\/\"},{\"@type\":\"ListItem\",\"position\":2,\"name\":\"Teenused\"}]},{\"@type\":\"WebSite\",\"@id\":\"https:\/\/greenyard.ee\/#website\",\"url\":\"https:\/\/greenyard.ee\/\",\"name\":\"Greenyard\",\"description\":\"\",\"potentialAction\":[{\"@type\":\"SearchAction\",\"target\":{\"@type\":\"EntryPoint\",\"urlTemplate\":\"https:\/\/greenyard.ee\/?s={search_term_string}\"},\"query-input\":{\"@type\":\"PropertyValueSpecification\",\"valueRequired\":true,\"valueName\":\"search_term_string\"}}],\"inLanguage\":\"et\"}]}<\/script>\n<!-- \/ Yoast SEO plugin. -->","yoast_head_json":{"title":"Teenused - Greenyard","robots":{"index":"index","follow":"follow","max-snippet":"max-snippet:-1","max-image-preview":"max-image-preview:large","max-video-preview":"max-video-preview:-1"},"canonical":"https:\/\/greenyard.ee\/services\/","og_locale":"et_EE","og_type":"article","og_title":"Teenused - Greenyard","og_url":"https:\/\/greenyard.ee\/services\/","og_site_name":"Greenyard","article_modified_time":"2017-02-28T15:41:50+00:00","twitter_card":"summary_large_image","twitter_misc":{"Est. reading time":"9 minutit"},"schema":{"@context":"https:\/\/schema.org","@graph":[{"@type":"WebPage","@id":"https:\/\/greenyard.ee\/services\/","url":"https:\/\/greenyard.ee\/services\/","name":"Teenused - Greenyard","isPartOf":{"@id":"https:\/\/greenyard.ee\/#website"},"datePublished":"2017-01-10T14:25:40+00:00","dateModified":"2017-02-28T15:41:50+00:00","breadcrumb":{"@id":"https:\/\/greenyard.ee\/services\/#breadcrumb"},"inLanguage":"et","potentialAction":[{"@type":"ReadAction","target":["https:\/\/greenyard.ee\/services\/"]}]},{"@type":"BreadcrumbList","@id":"https:\/\/greenyard.ee\/services\/#breadcrumb","itemListElement":[{"@type":"ListItem","position":1,"name":"Home","item":"https:\/\/greenyard.ee\/et\/"},{"@type":"ListItem","position":2,"name":"Teenused"}]},{"@type":"WebSite","@id":"https:\/\/greenyard.ee\/#website","url":"https:\/\/greenyard.ee\/","name":"Greenyard","description":"","potentialAction":[{"@type":"SearchAction","target":{"@type":"EntryPoint","urlTemplate":"https:\/\/greenyard.ee\/?s={search_term_string}"},"query-input":{"@type":"PropertyValueSpecification","valueRequired":true,"valueName":"search_term_string"}}],"inLanguage":"et"}]}},"_links":{"self":[{"href":"https:\/\/greenyard.ee\/et\/wp-json\/wp\/v2\/pages\/804"}],"collection":[{"href":"https:\/\/greenyard.ee\/et\/wp-json\/wp\/v2\/pages"}],"about":[{"href":"https:\/\/greenyard.ee\/et\/wp-json\/wp\/v2\/types\/page"}],"author":[{"embeddable":true,"href":"https:\/\/greenyard.ee\/et\/wp-json\/wp\/v2\/users\/1"}],"replies":[{"embeddable":true,"href":"https:\/\/greenyard.ee\/et\/wp-json\/wp\/v2\/comments?post=804"}],"version-history":[{"count":3,"href":"https:\/\/greenyard.ee\/et\/wp-json\/wp\/v2\/pages\/804\/revisions"}],"predecessor-version":[{"id":866,"href":"https:\/\/greenyard.ee\/et\/wp-json\/wp\/v2\/pages\/804\/revisions\/866"}],"wp:attachment":[{"href":"https:\/\/greenyard.ee\/et\/wp-json\/wp\/v2\/media?parent=804"}],"curies":[{"name":"wp","href":"https:\/\/api.w.org\/{rel}","templated":true}]}}