{"id":802,"date":"2017-01-10T14:42:13","date_gmt":"2017-01-10T12:42:13","guid":{"rendered":"http:\/\/greenyard.ee\/people\/"},"modified":"2024-07-12T10:26:00","modified_gmt":"2024-07-12T08:26:00","slug":"inimesed","status":"publish","type":"page","link":"https:\/\/greenyard.ee\/et\/inimesed\/","title":{"rendered":"Inimesed"},"content":{"rendered":"\n<style type=\"text\/css\" data-created_by=\"avia_inline_auto\" id=\"style-css-av-1pxec2-85adff85b2ae602f8ac0e2e67c171651\">\n.flex_column.av-1pxec2-85adff85b2ae602f8ac0e2e67c171651{\nborder-radius:0px 0px 0px 0px;\npadding:0px 0px 0px 0px;\n}\n<\/style>\n<div  class='flex_column av-1pxec2-85adff85b2ae602f8ac0e2e67c171651 av_one_fourth  avia-builder-el-0  el_before_av_one_full  avia-builder-el-first  first flex_column_div av-zero-column-padding  '     ><style type=\"text\/css\" data-created_by=\"avia_inline_auto\" id=\"style-css-av-1ilpa2-997d2132e3c588bbe91abd939da7bfa5\">\n.avia-image-container.av-1ilpa2-997d2132e3c588bbe91abd939da7bfa5 img.avia_image{\nbox-shadow:none;\n}\n.avia-image-container.av-1ilpa2-997d2132e3c588bbe91abd939da7bfa5 .av-image-caption-overlay-center{\ncolor:#ffffff;\n}\n<\/style>\n<div  class='avia-image-container av-1ilpa2-997d2132e3c588bbe91abd939da7bfa5 av-styling- avia-align-center  avia-builder-el-1  avia-builder-el-no-sibling '   itemprop=\"image\" itemscope=\"itemscope\" itemtype=\"https:\/\/schema.org\/ImageObject\" ><div class=\"avia-image-container-inner\"><div class=\"avia-image-overlay-wrap\"><img decoding=\"async\" fetchpriority=\"high\" class='wp-image-1031 avia-img-lazy-loading-not-1031 avia_image ' src=\"https:\/\/greenyard.ee\/wp-content\/uploads\/2015\/02\/gysmall.png\" alt='' title='gysmall'  height=\"100\" width=\"286\"  itemprop=\"thumbnailUrl\"  \/><\/div><\/div><\/div><\/div>\n\n<style type=\"text\/css\" data-created_by=\"avia_inline_auto\" id=\"style-css-av-1fs1k2-e2c7d56ac55540417dcac5f652141f3b\">\n.flex_column.av-1fs1k2-e2c7d56ac55540417dcac5f652141f3b{\nborder-radius:0px 0px 0px 0px;\npadding:0px 0px 0px 0px;\n}\n<\/style>\n<div  class='flex_column av-1fs1k2-e2c7d56ac55540417dcac5f652141f3b av_one_full  avia-builder-el-2  el_after_av_one_fourth  el_before_av_one_third  first flex_column_div av-zero-column-padding  column-top-margin'     ><section  class='av_textblock_section av-4mfcy-b2a1ca1a7eebe5aed187b12a8488f51e '   itemscope=\"itemscope\" itemtype=\"https:\/\/schema.org\/CreativeWork\" ><div class='avia_textblock'  itemprop=\"text\" ><p>GREENYARD O\u00dc oli loodud 2009 aastal eesm\u00e4rgiga aidata kliente personali v\u00e4rbamisprotsessis ning suurendada ettev\u00f5tte rentaablust l\u00e4bi rendit\u00f6\u00f6j\u00f5u kasutamise l\u00e4bi antud protsessi k\u00f5rgkvaliteetse juhtimise. Ettev\u00f5tte asutajad ja partnerid moodustavad meeskonda, millel on ulatuslik kogemus t\u00f6\u00f6stus- ja personalit\u00f6\u00f6 valdkonnas.<\/p>\n<\/div><\/section><\/div>\n\n<style type=\"text\/css\" data-created_by=\"avia_inline_auto\" id=\"style-css-av-11ae8i-67e61c4b4efddbdf09c4b9227fef5104\">\n.flex_column.av-11ae8i-67e61c4b4efddbdf09c4b9227fef5104{\nborder-radius:0px 0px 0px 0px;\npadding:0px 0px 0px 0px;\n}\n<\/style>\n<div  class='flex_column av-11ae8i-67e61c4b4efddbdf09c4b9227fef5104 av_one_third  avia-builder-el-4  el_after_av_one_full  avia-builder-el-last  first flex_column_div av-zero-column-padding  column-top-margin'     ><p>\n<style type=\"text\/css\" data-created_by=\"avia_inline_auto\" id=\"style-css-av-yg2le-9b73cdc217f3d0b6ef26f561a6bdbd25\">\n.avia-image-container.av-yg2le-9b73cdc217f3d0b6ef26f561a6bdbd25 img.avia_image{\nbox-shadow:none;\n}\n.avia-image-container.av-yg2le-9b73cdc217f3d0b6ef26f561a6bdbd25 .av-image-caption-overlay-center{\ncolor:#ffffff;\n}\n<\/style>\n<div  class='avia-image-container av-yg2le-9b73cdc217f3d0b6ef26f561a6bdbd25 av-styling- avia-align-center  avia-builder-el-5  el_before_av_textblock  avia-builder-el-first '   itemprop=\"image\" itemscope=\"itemscope\" itemtype=\"https:\/\/schema.org\/ImageObject\" ><div class=\"avia-image-container-inner\"><div class=\"avia-image-overlay-wrap\"><img decoding=\"async\" fetchpriority=\"high\" class='wp-image-1051 avia-img-lazy-loading-not-1051 avia_image ' src=\"https:\/\/greenyard.ee\/wp-content\/uploads\/2017\/01\/EE-1.jpg\" alt='' title='EE'  height=\"339\" width=\"355\"  itemprop=\"thumbnailUrl\" srcset=\"https:\/\/greenyard.ee\/wp-content\/uploads\/2017\/01\/EE-1.jpg 355w, https:\/\/greenyard.ee\/wp-content\/uploads\/2017\/01\/EE-1-300x286.jpg 300w\" sizes=\"(max-width: 355px) 100vw, 355px\" \/><\/div><\/div><\/div><br \/>\n<section  class='av_textblock_section av-aday-e7858eba740a6676436ebd1150dcaf96 '   itemscope=\"itemscope\" itemtype=\"https:\/\/schema.org\/CreativeWork\" ><div class='avia_textblock'  itemprop=\"text\" ><h3>EVALD GIRTSIS<\/h3>\n<p>JUHATUSE LIIGE<br \/>\nTelefon: +372 55 77 664<br \/>\nE-mail:\u00a0info@greenyard.ee<br \/>\nKeeled: EST \/ ENG \/ RUS<\/p>\n<\/div><\/section><\/p><\/div>\n","protected":false},"excerpt":{"rendered":"","protected":false},"author":1,"featured_media":0,"parent":0,"menu_order":0,"comment_status":"closed","ping_status":"closed","template":"","meta":{"footnotes":""},"yoast_head":"<!-- This site is optimized with the Yoast SEO plugin v24.4 - https:\/\/yoast.com\/wordpress\/plugins\/seo\/ -->\n<title>Inimesed - Greenyard<\/title>\n<meta name=\"robots\" content=\"index, follow, max-snippet:-1, max-image-preview:large, max-video-preview:-1\" \/>\n<link rel=\"canonical\" href=\"https:\/\/greenyard.ee\/et\/inimesed\/\" \/>\n<meta property=\"og:locale\" content=\"et_EE\" \/>\n<meta property=\"og:type\" content=\"article\" \/>\n<meta property=\"og:title\" content=\"Inimesed - Greenyard\" \/>\n<meta property=\"og:url\" content=\"https:\/\/greenyard.ee\/et\/inimesed\/\" \/>\n<meta property=\"og:site_name\" content=\"Greenyard\" \/>\n<meta property=\"article:modified_time\" content=\"2024-07-12T08:26:00+00:00\" \/>\n<meta name=\"twitter:card\" content=\"summary_large_image\" \/>\n<meta name=\"twitter:label1\" content=\"Est. reading time\" \/>\n\t<meta name=\"twitter:data1\" content=\"1 minut\" \/>\n<script type=\"application\/ld+json\" class=\"yoast-schema-graph\">{\"@context\":\"https:\/\/schema.org\",\"@graph\":[{\"@type\":\"WebPage\",\"@id\":\"https:\/\/greenyard.ee\/et\/inimesed\/\",\"url\":\"https:\/\/greenyard.ee\/et\/inimesed\/\",\"name\":\"Inimesed - Greenyard\",\"isPartOf\":{\"@id\":\"https:\/\/greenyard.ee\/#website\"},\"datePublished\":\"2017-01-10T12:42:13+00:00\",\"dateModified\":\"2024-07-12T08:26:00+00:00\",\"breadcrumb\":{\"@id\":\"https:\/\/greenyard.ee\/et\/inimesed\/#breadcrumb\"},\"inLanguage\":\"et\",\"potentialAction\":[{\"@type\":\"ReadAction\",\"target\":[\"https:\/\/greenyard.ee\/et\/inimesed\/\"]}]},{\"@type\":\"BreadcrumbList\",\"@id\":\"https:\/\/greenyard.ee\/et\/inimesed\/#breadcrumb\",\"itemListElement\":[{\"@type\":\"ListItem\",\"position\":1,\"name\":\"Home\",\"item\":\"https:\/\/greenyard.ee\/et\/\"},{\"@type\":\"ListItem\",\"position\":2,\"name\":\"Inimesed\"}]},{\"@type\":\"WebSite\",\"@id\":\"https:\/\/greenyard.ee\/#website\",\"url\":\"https:\/\/greenyard.ee\/\",\"name\":\"Greenyard\",\"description\":\"\",\"potentialAction\":[{\"@type\":\"SearchAction\",\"target\":{\"@type\":\"EntryPoint\",\"urlTemplate\":\"https:\/\/greenyard.ee\/?s={search_term_string}\"},\"query-input\":{\"@type\":\"PropertyValueSpecification\",\"valueRequired\":true,\"valueName\":\"search_term_string\"}}],\"inLanguage\":\"et\"}]}<\/script>\n<!-- \/ Yoast SEO plugin. -->","yoast_head_json":{"title":"Inimesed - Greenyard","robots":{"index":"index","follow":"follow","max-snippet":"max-snippet:-1","max-image-preview":"max-image-preview:large","max-video-preview":"max-video-preview:-1"},"canonical":"https:\/\/greenyard.ee\/et\/inimesed\/","og_locale":"et_EE","og_type":"article","og_title":"Inimesed - Greenyard","og_url":"https:\/\/greenyard.ee\/et\/inimesed\/","og_site_name":"Greenyard","article_modified_time":"2024-07-12T08:26:00+00:00","twitter_card":"summary_large_image","twitter_misc":{"Est. reading time":"1 minut"},"schema":{"@context":"https:\/\/schema.org","@graph":[{"@type":"WebPage","@id":"https:\/\/greenyard.ee\/et\/inimesed\/","url":"https:\/\/greenyard.ee\/et\/inimesed\/","name":"Inimesed - Greenyard","isPartOf":{"@id":"https:\/\/greenyard.ee\/#website"},"datePublished":"2017-01-10T12:42:13+00:00","dateModified":"2024-07-12T08:26:00+00:00","breadcrumb":{"@id":"https:\/\/greenyard.ee\/et\/inimesed\/#breadcrumb"},"inLanguage":"et","potentialAction":[{"@type":"ReadAction","target":["https:\/\/greenyard.ee\/et\/inimesed\/"]}]},{"@type":"BreadcrumbList","@id":"https:\/\/greenyard.ee\/et\/inimesed\/#breadcrumb","itemListElement":[{"@type":"ListItem","position":1,"name":"Home","item":"https:\/\/greenyard.ee\/et\/"},{"@type":"ListItem","position":2,"name":"Inimesed"}]},{"@type":"WebSite","@id":"https:\/\/greenyard.ee\/#website","url":"https:\/\/greenyard.ee\/","name":"Greenyard","description":"","potentialAction":[{"@type":"SearchAction","target":{"@type":"EntryPoint","urlTemplate":"https:\/\/greenyard.ee\/?s={search_term_string}"},"query-input":{"@type":"PropertyValueSpecification","valueRequired":true,"valueName":"search_term_string"}}],"inLanguage":"et"}]}},"_links":{"self":[{"href":"https:\/\/greenyard.ee\/et\/wp-json\/wp\/v2\/pages\/802"}],"collection":[{"href":"https:\/\/greenyard.ee\/et\/wp-json\/wp\/v2\/pages"}],"about":[{"href":"https:\/\/greenyard.ee\/et\/wp-json\/wp\/v2\/types\/page"}],"author":[{"embeddable":true,"href":"https:\/\/greenyard.ee\/et\/wp-json\/wp\/v2\/users\/1"}],"replies":[{"embeddable":true,"href":"https:\/\/greenyard.ee\/et\/wp-json\/wp\/v2\/comments?post=802"}],"version-history":[{"count":6,"href":"https:\/\/greenyard.ee\/et\/wp-json\/wp\/v2\/pages\/802\/revisions"}],"predecessor-version":[{"id":1064,"href":"https:\/\/greenyard.ee\/et\/wp-json\/wp\/v2\/pages\/802\/revisions\/1064"}],"wp:attachment":[{"href":"https:\/\/greenyard.ee\/et\/wp-json\/wp\/v2\/media?parent=802"}],"curies":[{"name":"wp","href":"https:\/\/api.w.org\/{rel}","templated":true}]}}