{"id":786,"date":"2016-01-10T15:21:33","date_gmt":"2016-01-10T13:21:33","guid":{"rendered":"http:\/\/greenyard.ee\/782-revision-v1\/"},"modified":"2017-04-03T12:15:20","modified_gmt":"2017-04-03T10:15:20","slug":"ettevottest","status":"publish","type":"page","link":"https:\/\/greenyard.ee\/et\/ettevottest\/","title":{"rendered":"Ettev\u00f5ttest"},"content":{"rendered":"\n<style type=\"text\/css\" data-created_by=\"avia_inline_auto\" id=\"style-css-av-av_one_fourth-7199356cb1d68f50727093e953985fb3\">\n.flex_column.av-av_one_fourth-7199356cb1d68f50727093e953985fb3{\nborder-radius:0px 0px 0px 0px;\npadding:0px 0px 0px 0px;\n}\n<\/style>\n<div  class='flex_column av-av_one_fourth-7199356cb1d68f50727093e953985fb3 av_one_fourth  avia-builder-el-0  el_before_av_section  avia-builder-el-no-sibling  first flex_column_div  '     ><style type=\"text\/css\" data-created_by=\"avia_inline_auto\" id=\"style-css-av-av_image-2baf8f2227dd0d6800719ce0b14b1d2b\">\n.avia-image-container.av-av_image-2baf8f2227dd0d6800719ce0b14b1d2b img.avia_image{\nbox-shadow:none;\n}\n.avia-image-container.av-av_image-2baf8f2227dd0d6800719ce0b14b1d2b .av-image-caption-overlay-center{\ncolor:#ffffff;\n}\n<\/style>\n<div  class='avia-image-container av-av_image-2baf8f2227dd0d6800719ce0b14b1d2b av-styling- avia-align-center  avia-builder-el-1  avia-builder-el-no-sibling '   itemprop=\"image\" itemscope=\"itemscope\" itemtype=\"https:\/\/schema.org\/ImageObject\" ><div class=\"avia-image-container-inner\"><div class=\"avia-image-overlay-wrap\"><img decoding=\"async\" fetchpriority=\"high\" class='wp-image-1031 avia-img-lazy-loading-not-1031 avia_image ' src=\"https:\/\/greenyard.ee\/wp-content\/uploads\/2015\/02\/gysmall.png\" alt='' title='gysmall'  height=\"100\" width=\"286\"  itemprop=\"thumbnailUrl\"  \/><\/div><\/div><\/div><\/div>\n<\/div><\/div><\/div><!-- close content main div --><\/div><\/div>\n<style type=\"text\/css\" data-created_by=\"avia_inline_auto\" id=\"style-css-av-av_section-8fe61811c600bf761b7b841c42cf34b5\">\n.avia-section.av-av_section-8fe61811c600bf761b7b841c42cf34b5{\nbackground-repeat:no-repeat;\nbackground-image:url(https:\/\/greenyard.ee\/wp-content\/uploads\/2016\/01\/greenayrdicon-2.png);\nbackground-position:0% 100%;\nbackground-attachment:scroll;\n}\n<\/style>\n<div id='av_section_1'  class='avia-section av-av_section-8fe61811c600bf761b7b841c42cf34b5 main_color avia-section-default avia-no-shadow  avia-builder-el-2  el_after_av_one_fourth  avia-builder-el-last  avia-bg-style-scroll container_wrap fullsize'  data-section-bg-repeat='no-repeat'><div class='container av-section-cont-open' ><div class='template-page content  av-content-full alpha units'><div class='post-entry post-entry-type-page post-entry-786'><div class='entry-content-wrapper clearfix'>\n<section  class='av_textblock_section av-av_textblock-0366cc7376be6c9e82a3e9cc8987b64f '   itemscope=\"itemscope\" itemtype=\"https:\/\/schema.org\/CreativeWork\" ><div class='avia_textblock'  itemprop=\"text\" ><p>GREENYARD O\u00dc oli loodud 2009 aastal eesm\u00e4rgiga aidata kliente personali v\u00e4rbamisprotsessis ning suurendada ettev\u00f5tte rentaablust l\u00e4bi rendit\u00f6\u00f6j\u00f5u kasutamise l\u00e4bi antud protsessi k\u00f5rgkvaliteetse juhtimise. Ettev\u00f5tte asutajad ja partnerid moodustavad meeskonda,millel on ulatuslik kogemus t\u00f6\u00f6stus- ja personalit\u00f6\u00f6 valdkonnas. GREENYARD O\u00dc personalirendi teenuse osutamise eesm\u00e4rgiks on aidata meie klientidel leida parimaid spetsialiste t\u00f6\u00f6stust\u00f6\u00f6de teostamiseks konkurentsiv\u00f5imelise hinnaga ning v\u00f5imalikult v\u00e4heste personalijuhtimisega seotud tegevustega. GREENYARD O\u00dc meeskonna jaoks on meie klientide huvid esikohal, keskendume professionaalsele personalijuhtimisele, mis omakorda s\u00e4\u00e4stab meie klientide aega ning suurendab meie klientide ettev\u00f5tte \u00e4riv\u00e4\u00e4rtust.<br \/>\nGREENYARD O\u00dc k\u00f5rgkvalifitseeritud spetsialistid annavad Teile j\u00e4rgmised eelised:<\/p>\n<ul>\n<li>Raha- ja ajakulu v\u00e4hendamine v\u00e4rbamisprotsessile<\/li>\n<li>Pangakulude optimeerimine &#8211; ainult \u00fcks makse, mis juba sisaldab k\u00f5iki palgatasusid ja makse<\/li>\n<li>Me tegeleme maksude, deposiitide ja kohustuste k\u00fcsimustega<\/li>\n<li>Me tegeleme rendit\u00f6\u00f6j\u00f5uga seotud aruandlusega<\/li>\n<li>Me tegeleme t\u00f6\u00f6lepingute l\u00f5petamisega<\/li>\n<li>Me s\u00e4\u00e4stame Teie aega ja raha<\/li>\n<\/ul>\n<p>GREENYARD O\u00dc-l on \u00abtsiviil\u00f5iguslik t\u00f6\u00f6andja vastutus t\u00f6\u00f6\u00f5nnetuse korral&#8221;&#8221;, mis t\u00e4hendab et k\u00f5ik meie t\u00f6\u00f6tajad on kindlustatud. Samuti ettev\u00f5ttel on \u201ekolmanda osapoole\u201c riskikindlustus.<\/p>\n<p>T\u00f6\u00f6tervishoiu ja t\u00f6\u00f6ohutuse protseduurid ja n\u00f5uded on meie ettev\u00f5tte poolt k\u00e4sitsetud k\u00f5rgel tasemel. Meie personal t\u00f6\u00f6tab vastavalt k\u00f5rgete euron\u00f5uetele ja standarditele.<\/p>\n<p>Saame pakkuda oma ala spetsialiste j\u00e4rgmistes valdkondades:<\/p>\n<ul>\n<li>Metallit\u00f6\u00f6stus;<\/li>\n<li>Ehitus;<\/li>\n<li>Masinaehitus;<\/li>\n<li>T\u00f6\u00f6stuslik v\u00e4rvimine;<\/li>\n<li>P\u00f5llumajandus;<\/li>\n<li>Teenindus ja puhastusteenus;<\/li>\n<\/ul>\n<p>L\u00e4htudes Teie vajadustest ja tellimustest saame pakkuda ka teiste valdkondade spetsialiste, kes on v\u00f5imelised teostama ka teisi t\u00f6id.<\/p>\n<p>GREENYARD O\u00dc t\u00f6\u00f6tajad omavad suurt kogemust masinaehitus-, ehitus-, laevaehitus- ja laevaremondi valdkondades, samuti merendust\u00f6\u00f6stus, p\u00f5llumajanduses ning teenindusvaldkonnas. Oma t\u00f6\u00f6tajatelt n\u00f5uame k\u00f5rgkvaliteetset, professionaalset ning personaalset teenuse osutamist, mis arvestaks meie klientide soovidega. Meie paindlik ja efektiivne l\u00e4henemine probleemide lahendamisele toob kaasa edu ja kasumi nii meie klientidele kui ka ettev\u00f5ttele.<\/p>\n<\/div><\/section>\n\n<style type=\"text\/css\" data-created_by=\"avia_inline_auto\" id=\"style-css-av-av_hr-5ea7596238ed9f191e6b5e662093052f\">\n#top .hr.hr-invisible.av-av_hr-5ea7596238ed9f191e6b5e662093052f{\nheight:30px;\n}\n<\/style>\n<div  class='hr av-av_hr-5ea7596238ed9f191e6b5e662093052f hr-invisible  avia-builder-el-4  el_after_av_textblock  el_before_av_textblock '><span class='hr-inner '><span class=\"hr-inner-style\"><\/span><\/span><\/div>\n<section  class='av_textblock_section av-av_textblock-0366cc7376be6c9e82a3e9cc8987b64f '   itemscope=\"itemscope\" itemtype=\"https:\/\/schema.org\/CreativeWork\" ><div class='avia_textblock'  itemprop=\"text\" ><p><a title=\"Vaata GREENYARD O\u00dc kontrollitud krediidireitingut krediidiraportid.ee lehel\" href=\"https:\/\/krediidiraportid.ee\/node\/338115\"><img decoding=\"async\" src=\"https:\/\/krediidiraportid.ee\/live-logo\/landscape_b\/et\/greenyard-ou.png\" alt=\"GREENYARD O\u00dc krediidireiting\" \/><\/a><\/p>\n<\/div><\/section>\n\n","protected":false},"excerpt":{"rendered":"","protected":false},"author":1,"featured_media":0,"parent":0,"menu_order":0,"comment_status":"open","ping_status":"open","template":"","meta":{"footnotes":""},"yoast_head":"<!-- This site is optimized with the Yoast SEO plugin v24.4 - https:\/\/yoast.com\/wordpress\/plugins\/seo\/ -->\n<title>Ettev\u00f5ttest - Greenyard<\/title>\n<meta name=\"robots\" content=\"index, follow, max-snippet:-1, max-image-preview:large, max-video-preview:-1\" \/>\n<link rel=\"canonical\" href=\"https:\/\/greenyard.ee\/company\/\" \/>\n<meta property=\"og:locale\" content=\"et_EE\" \/>\n<meta property=\"og:type\" content=\"article\" \/>\n<meta property=\"og:title\" content=\"Ettev\u00f5ttest - Greenyard\" \/>\n<meta property=\"og:url\" content=\"https:\/\/greenyard.ee\/company\/\" \/>\n<meta property=\"og:site_name\" content=\"Greenyard\" \/>\n<meta property=\"article:modified_time\" content=\"2017-04-03T10:15:20+00:00\" \/>\n<meta property=\"og:image\" content=\"https:\/\/krediidiraportid.ee\/live-logo\/landscape_b\/et\/greenyard-ou.png\" \/>\n<meta name=\"twitter:card\" content=\"summary_large_image\" \/>\n<meta name=\"twitter:label1\" content=\"Est. reading time\" \/>\n\t<meta name=\"twitter:data1\" content=\"3 minutit\" \/>\n<script type=\"application\/ld+json\" class=\"yoast-schema-graph\">{\"@context\":\"https:\/\/schema.org\",\"@graph\":[{\"@type\":\"WebPage\",\"@id\":\"https:\/\/greenyard.ee\/company\/\",\"url\":\"https:\/\/greenyard.ee\/company\/\",\"name\":\"Ettev\u00f5ttest - Greenyard\",\"isPartOf\":{\"@id\":\"https:\/\/greenyard.ee\/#website\"},\"primaryImageOfPage\":{\"@id\":\"https:\/\/greenyard.ee\/company\/#primaryimage\"},\"image\":{\"@id\":\"https:\/\/greenyard.ee\/company\/#primaryimage\"},\"thumbnailUrl\":\"https:\/\/krediidiraportid.ee\/live-logo\/landscape_b\/et\/greenyard-ou.png\",\"datePublished\":\"2016-01-10T13:21:33+00:00\",\"dateModified\":\"2017-04-03T10:15:20+00:00\",\"breadcrumb\":{\"@id\":\"https:\/\/greenyard.ee\/company\/#breadcrumb\"},\"inLanguage\":\"et\",\"potentialAction\":[{\"@type\":\"ReadAction\",\"target\":[\"https:\/\/greenyard.ee\/company\/\"]}]},{\"@type\":\"ImageObject\",\"inLanguage\":\"et\",\"@id\":\"https:\/\/greenyard.ee\/company\/#primaryimage\",\"url\":\"https:\/\/krediidiraportid.ee\/live-logo\/landscape_b\/et\/greenyard-ou.png\",\"contentUrl\":\"https:\/\/krediidiraportid.ee\/live-logo\/landscape_b\/et\/greenyard-ou.png\"},{\"@type\":\"BreadcrumbList\",\"@id\":\"https:\/\/greenyard.ee\/company\/#breadcrumb\",\"itemListElement\":[{\"@type\":\"ListItem\",\"position\":1,\"name\":\"Home\",\"item\":\"https:\/\/greenyard.ee\/et\/\"},{\"@type\":\"ListItem\",\"position\":2,\"name\":\"Ettev\u00f5ttest\"}]},{\"@type\":\"WebSite\",\"@id\":\"https:\/\/greenyard.ee\/#website\",\"url\":\"https:\/\/greenyard.ee\/\",\"name\":\"Greenyard\",\"description\":\"\",\"potentialAction\":[{\"@type\":\"SearchAction\",\"target\":{\"@type\":\"EntryPoint\",\"urlTemplate\":\"https:\/\/greenyard.ee\/?s={search_term_string}\"},\"query-input\":{\"@type\":\"PropertyValueSpecification\",\"valueRequired\":true,\"valueName\":\"search_term_string\"}}],\"inLanguage\":\"et\"}]}<\/script>\n<!-- \/ Yoast SEO plugin. -->","yoast_head_json":{"title":"Ettev\u00f5ttest - Greenyard","robots":{"index":"index","follow":"follow","max-snippet":"max-snippet:-1","max-image-preview":"max-image-preview:large","max-video-preview":"max-video-preview:-1"},"canonical":"https:\/\/greenyard.ee\/company\/","og_locale":"et_EE","og_type":"article","og_title":"Ettev\u00f5ttest - Greenyard","og_url":"https:\/\/greenyard.ee\/company\/","og_site_name":"Greenyard","article_modified_time":"2017-04-03T10:15:20+00:00","og_image":[{"url":"https:\/\/krediidiraportid.ee\/live-logo\/landscape_b\/et\/greenyard-ou.png","type":"","width":"","height":""}],"twitter_card":"summary_large_image","twitter_misc":{"Est. reading time":"3 minutit"},"schema":{"@context":"https:\/\/schema.org","@graph":[{"@type":"WebPage","@id":"https:\/\/greenyard.ee\/company\/","url":"https:\/\/greenyard.ee\/company\/","name":"Ettev\u00f5ttest - Greenyard","isPartOf":{"@id":"https:\/\/greenyard.ee\/#website"},"primaryImageOfPage":{"@id":"https:\/\/greenyard.ee\/company\/#primaryimage"},"image":{"@id":"https:\/\/greenyard.ee\/company\/#primaryimage"},"thumbnailUrl":"https:\/\/krediidiraportid.ee\/live-logo\/landscape_b\/et\/greenyard-ou.png","datePublished":"2016-01-10T13:21:33+00:00","dateModified":"2017-04-03T10:15:20+00:00","breadcrumb":{"@id":"https:\/\/greenyard.ee\/company\/#breadcrumb"},"inLanguage":"et","potentialAction":[{"@type":"ReadAction","target":["https:\/\/greenyard.ee\/company\/"]}]},{"@type":"ImageObject","inLanguage":"et","@id":"https:\/\/greenyard.ee\/company\/#primaryimage","url":"https:\/\/krediidiraportid.ee\/live-logo\/landscape_b\/et\/greenyard-ou.png","contentUrl":"https:\/\/krediidiraportid.ee\/live-logo\/landscape_b\/et\/greenyard-ou.png"},{"@type":"BreadcrumbList","@id":"https:\/\/greenyard.ee\/company\/#breadcrumb","itemListElement":[{"@type":"ListItem","position":1,"name":"Home","item":"https:\/\/greenyard.ee\/et\/"},{"@type":"ListItem","position":2,"name":"Ettev\u00f5ttest"}]},{"@type":"WebSite","@id":"https:\/\/greenyard.ee\/#website","url":"https:\/\/greenyard.ee\/","name":"Greenyard","description":"","potentialAction":[{"@type":"SearchAction","target":{"@type":"EntryPoint","urlTemplate":"https:\/\/greenyard.ee\/?s={search_term_string}"},"query-input":{"@type":"PropertyValueSpecification","valueRequired":true,"valueName":"search_term_string"}}],"inLanguage":"et"}]}},"_links":{"self":[{"href":"https:\/\/greenyard.ee\/et\/wp-json\/wp\/v2\/pages\/786"}],"collection":[{"href":"https:\/\/greenyard.ee\/et\/wp-json\/wp\/v2\/pages"}],"about":[{"href":"https:\/\/greenyard.ee\/et\/wp-json\/wp\/v2\/types\/page"}],"author":[{"embeddable":true,"href":"https:\/\/greenyard.ee\/et\/wp-json\/wp\/v2\/users\/1"}],"replies":[{"embeddable":true,"href":"https:\/\/greenyard.ee\/et\/wp-json\/wp\/v2\/comments?post=786"}],"version-history":[{"count":8,"href":"https:\/\/greenyard.ee\/et\/wp-json\/wp\/v2\/pages\/786\/revisions"}],"predecessor-version":[{"id":908,"href":"https:\/\/greenyard.ee\/et\/wp-json\/wp\/v2\/pages\/786\/revisions\/908"}],"wp:attachment":[{"href":"https:\/\/greenyard.ee\/et\/wp-json\/wp\/v2\/media?parent=786"}],"curies":[{"name":"wp","href":"https:\/\/api.w.org\/{rel}","templated":true}]}}