{"id":780,"date":"2015-02-22T19:55:57","date_gmt":"2015-02-22T19:55:57","guid":{"rendered":"http:\/\/greenyard.ee\/ru\/home\/"},"modified":"2017-04-03T11:41:30","modified_gmt":"2017-04-03T09:41:30","slug":"home","status":"publish","type":"page","link":"https:\/\/greenyard.ee\/et\/","title":{"rendered":"Esileht"},"content":{"rendered":"<div id='layer_slider_1'  class='avia-layerslider main_color avia-shadow  avia-builder-el-0  el_before_av_one_fourth  avia-builder-el-first  container_wrap fullsize'  style='height: 471px;'  ><\/div><div id='after_layer_slider_1'  class='main_color av_default_container_wrap container_wrap fullsize'  ><div class='container av-section-cont-open' ><div class='template-page content  av-content-full alpha units'><div class='post-entry post-entry-type-page post-entry-780'><div class='entry-content-wrapper clearfix'>\n\n<style type=\"text\/css\" data-created_by=\"avia_inline_auto\" id=\"style-css-av-av_one_fourth-7199356cb1d68f50727093e953985fb3\">\n.flex_column.av-av_one_fourth-7199356cb1d68f50727093e953985fb3{\nborder-radius:0px 0px 0px 0px;\npadding:0px 0px 0px 0px;\n}\n<\/style>\n<div  class='flex_column av-av_one_fourth-7199356cb1d68f50727093e953985fb3 av_one_fourth  avia-builder-el-1  el_after_av_layerslider  el_before_av_three_fourth  avia-builder-el-first  first flex_column_div  '     ><style type=\"text\/css\" data-created_by=\"avia_inline_auto\" id=\"style-css-av-av_image-2baf8f2227dd0d6800719ce0b14b1d2b\">\n.avia-image-container.av-av_image-2baf8f2227dd0d6800719ce0b14b1d2b img.avia_image{\nbox-shadow:none;\n}\n.avia-image-container.av-av_image-2baf8f2227dd0d6800719ce0b14b1d2b .av-image-caption-overlay-center{\ncolor:#ffffff;\n}\n<\/style>\n<div  class='avia-image-container av-av_image-2baf8f2227dd0d6800719ce0b14b1d2b av-styling- avia-align-center  avia-builder-el-2  avia-builder-el-no-sibling '   itemprop=\"image\" itemscope=\"itemscope\" itemtype=\"https:\/\/schema.org\/ImageObject\" ><div class=\"avia-image-container-inner\"><div class=\"avia-image-overlay-wrap\"><img decoding=\"async\" fetchpriority=\"high\" class='wp-image-1031 avia-img-lazy-loading-not-1031 avia_image ' src=\"https:\/\/greenyard.ee\/wp-content\/uploads\/2015\/02\/gysmall.png\" alt='' title='gysmall'  height=\"100\" width=\"286\"  itemprop=\"thumbnailUrl\"  \/><\/div><\/div><\/div><\/div>\n\n<style type=\"text\/css\" data-created_by=\"avia_inline_auto\" id=\"style-css-av-av_three_fourth-5abf35bc7f35bc3cfd48011fcc4b06ef\">\n.flex_column.av-av_three_fourth-5abf35bc7f35bc3cfd48011fcc4b06ef{\nborder-radius:0px 0px 0px 0px;\npadding:0px 0px 0px 0px;\n}\n<\/style>\n<div  class='flex_column av-av_three_fourth-5abf35bc7f35bc3cfd48011fcc4b06ef av_three_fourth  avia-builder-el-3  el_after_av_one_fourth  el_before_av_section  avia-builder-el-last  flex_column_div  '     ><section  class='av_textblock_section av-av_textblock-0366cc7376be6c9e82a3e9cc8987b64f '   itemscope=\"itemscope\" itemtype=\"https:\/\/schema.org\/CreativeWork\" ><div class='avia_textblock'  itemprop=\"text\" ><p style=\"text-transform: uppercase;\">GREENYARD O\u00dc OLI LOODUD 2009 AASTAL EESM\u00c4RGIGA AIDATA KLIENTE PERSONALI V\u00c4RBAMISPROTSESSIS NING SUURENDADA ETTEV\u00d5TTETE RENTAABLUST L\u00c4BI RENDIT\u00d6\u00d6J\u00d5U KASUTAMISE L\u00c4BI ANTUD PROTSESSI K\u00d5RGKVALITEETSE JUHTIMISE. ETTEV\u00d5TTE ASUTAJAD JA PARTNERID MOODUSTAVAD MEESKONDA, MILLEL ON ULATUSLIK KOGEMUS T\u00d6\u00d6TSTUS- JA PERSONALIT\u00d6\u00d6 VALDKONNAS&#8230; <span style=\"color: #ff0000;\"><a style=\"color: #ff0000;\" href=\"https:\/\/greenyard.ee\/et\/ettevottest\/\"><strong>VAATA L\u00c4HEMALT<\/strong><\/a><\/span><\/p>\n<\/div><\/section><\/div>\n<\/div><\/div><\/div><!-- close content main div --><\/div><\/div><div id='av_section_1'  class='avia-section av-av_section-cda1c839dadaefaf608d315d78365be9 main_color avia-section-small avia-no-border-styling  avia-builder-el-5  el_after_av_three_fourth  el_before_av_one_full  avia-bg-style-scroll container_wrap fullsize'  ><div class='container av-section-cont-open' ><div class='template-page content  av-content-full alpha units'><div class='post-entry post-entry-type-page post-entry-780'><div class='entry-content-wrapper clearfix'>\n<section  class='av_textblock_section av-av_textblock-0366cc7376be6c9e82a3e9cc8987b64f '   itemscope=\"itemscope\" itemtype=\"https:\/\/schema.org\/CreativeWork\" ><div class='avia_textblock'  itemprop=\"text\" ><h1>P\u00d5HI TEENUSED<\/h1>\n<\/div><\/section>\n<div class='flex_column_table av-av_one_third-2cc3d3a9b2422a62782516fc5b59ab09 sc-av_one_third av-equal-height-column-flextable'>\n<style type=\"text\/css\" data-created_by=\"avia_inline_auto\" id=\"style-css-av-av_one_third-2cc3d3a9b2422a62782516fc5b59ab09\">\n.flex_column.av-av_one_third-2cc3d3a9b2422a62782516fc5b59ab09{\nborder-radius:0px 0px 0px 0px;\npadding:50px 0px 0px 0px;\n}\n<\/style>\n<div  class='flex_column av-av_one_third-2cc3d3a9b2422a62782516fc5b59ab09 av_one_third  avia-builder-el-7  el_after_av_textblock  el_before_av_one_third  first flex_column_table_cell av-equal-height-column av-align-top  column-top-margin'     ><section  class='av_textblock_section av-av_textblock-0366cc7376be6c9e82a3e9cc8987b64f '   itemscope=\"itemscope\" itemtype=\"https:\/\/schema.org\/CreativeWork\" ><div class='avia_textblock'  itemprop=\"text\" ><h2><span style=\"color: #545454;\">METALLIT\u00d6\u00d6STUSE SEKTORI T\u00d6\u00d6TAJAD<\/span><\/h2>\n<\/div><\/section><br \/>\n\n<style type=\"text\/css\" data-created_by=\"avia_inline_auto\" id=\"style-css-av-av_image-0a41600fe3c9781436bbc25f40e5a14e\">\n.avia-image-container.av-av_image-0a41600fe3c9781436bbc25f40e5a14e img.avia_image{\nbox-shadow:none;\n}\n.avia-image-container.av-av_image-0a41600fe3c9781436bbc25f40e5a14e .av-image-caption-overlay-center{\ncolor:#ffffff;\n}\n<\/style>\n<div  class='avia-image-container av-av_image-0a41600fe3c9781436bbc25f40e5a14e av-styling- av-img-linked avia-align-center  avia-builder-el-9  el_after_av_textblock  avia-builder-el-last '   itemprop=\"image\" itemscope=\"itemscope\" itemtype=\"https:\/\/schema.org\/ImageObject\" ><div class=\"avia-image-container-inner\"><div class=\"avia-image-overlay-wrap\"><a href=\"https:\/\/greenyard.ee\/et\/teenused\/#metal-production\" class='avia_image '  aria-label='metallproductionworkers'><img decoding=\"async\" fetchpriority=\"high\" class='wp-image-1001 avia-img-lazy-loading-not-1001 avia_image ' src=\"https:\/\/greenyard.ee\/wp-content\/uploads\/2015\/02\/metallproductionworkers-1.jpg\" alt='' title='metallproductionworkers'  height=\"250\" width=\"400\"  itemprop=\"thumbnailUrl\" srcset=\"https:\/\/greenyard.ee\/wp-content\/uploads\/2015\/02\/metallproductionworkers-1.jpg 400w, https:\/\/greenyard.ee\/wp-content\/uploads\/2015\/02\/metallproductionworkers-1-300x188.jpg 300w\" sizes=\"(max-width: 400px) 100vw, 400px\" \/><\/a><\/div><\/div><\/div><\/p><\/div><div class='av-flex-placeholder'><\/div>\n<style type=\"text\/css\" data-created_by=\"avia_inline_auto\" id=\"style-css-av-av_one_third-20ff06efd04d09c958bfc39ec3d7e503\">\n.flex_column.av-av_one_third-20ff06efd04d09c958bfc39ec3d7e503{\nborder-radius:0px 0px 0px 0px;\npadding:50px 0px 0px 0px;\n}\n<\/style>\n<div  class='flex_column av-av_one_third-20ff06efd04d09c958bfc39ec3d7e503 av_one_third  avia-builder-el-10  el_after_av_one_third  el_before_av_one_third  flex_column_table_cell av-equal-height-column av-align-top  column-top-margin'     ><section  class='av_textblock_section av-av_textblock-0366cc7376be6c9e82a3e9cc8987b64f '   itemscope=\"itemscope\" itemtype=\"https:\/\/schema.org\/CreativeWork\" ><div class='avia_textblock'  itemprop=\"text\" ><h2><span style=\"color: #545454;\">INDUSTRIAALSE V\u00c4RVIMISE MAALRID<\/span><\/h2>\n<\/div><\/section><br \/>\n\n<style type=\"text\/css\" data-created_by=\"avia_inline_auto\" id=\"style-css-av-av_image-456416cf31bf59ea36a52d60fa6f1422\">\n.avia-image-container.av-av_image-456416cf31bf59ea36a52d60fa6f1422 img.avia_image{\nbox-shadow:none;\n}\n.avia-image-container.av-av_image-456416cf31bf59ea36a52d60fa6f1422 .av-image-caption-overlay-center{\ncolor:#ffffff;\n}\n<\/style>\n<div  class='avia-image-container av-av_image-456416cf31bf59ea36a52d60fa6f1422 av-styling- av-img-linked avia-align-center  avia-builder-el-12  el_after_av_textblock  avia-builder-el-last '   itemprop=\"image\" itemscope=\"itemscope\" itemtype=\"https:\/\/schema.org\/ImageObject\" ><div class=\"avia-image-container-inner\"><div class=\"avia-image-overlay-wrap\"><a href=\"https:\/\/greenyard.ee\/et\/teenused\/#industrial-painters\" class='avia_image '  aria-label='industrialpainters'><img decoding=\"async\" fetchpriority=\"high\" class='wp-image-1013 avia-img-lazy-loading-not-1013 avia_image ' src=\"https:\/\/greenyard.ee\/wp-content\/uploads\/2015\/02\/industrialpainters.jpg\" alt='' title='industrialpainters'  height=\"250\" width=\"400\"  itemprop=\"thumbnailUrl\" srcset=\"https:\/\/greenyard.ee\/wp-content\/uploads\/2015\/02\/industrialpainters.jpg 400w, https:\/\/greenyard.ee\/wp-content\/uploads\/2015\/02\/industrialpainters-300x188.jpg 300w\" sizes=\"(max-width: 400px) 100vw, 400px\" \/><\/a><\/div><\/div><\/div><\/p><\/div><div class='av-flex-placeholder'><\/div>\n<style type=\"text\/css\" data-created_by=\"avia_inline_auto\" id=\"style-css-av-av_one_third-20ff06efd04d09c958bfc39ec3d7e503\">\n.flex_column.av-av_one_third-20ff06efd04d09c958bfc39ec3d7e503{\nborder-radius:0px 0px 0px 0px;\npadding:50px 0px 0px 0px;\n}\n<\/style>\n<div  class='flex_column av-av_one_third-20ff06efd04d09c958bfc39ec3d7e503 av_one_third  avia-builder-el-13  el_after_av_one_third  el_before_av_one_third  flex_column_table_cell av-equal-height-column av-align-top  column-top-margin'     ><section  class='av_textblock_section av-av_textblock-0366cc7376be6c9e82a3e9cc8987b64f '   itemscope=\"itemscope\" itemtype=\"https:\/\/schema.org\/CreativeWork\" ><div class='avia_textblock'  itemprop=\"text\" ><h2><span style=\"color: #545454;\">EHITUSSEKTORI T\u00d6\u00d6TAJAD<\/span><\/h2>\n<\/div><\/section><br \/>\n\n<style type=\"text\/css\" data-created_by=\"avia_inline_auto\" id=\"style-css-av-av_image-6c7a3a946324be6b3b1b8c013bfdf8db\">\n.avia-image-container.av-av_image-6c7a3a946324be6b3b1b8c013bfdf8db img.avia_image{\nbox-shadow:none;\n}\n.avia-image-container.av-av_image-6c7a3a946324be6b3b1b8c013bfdf8db .av-image-caption-overlay-center{\ncolor:#ffffff;\n}\n<\/style>\n<div  class='avia-image-container av-av_image-6c7a3a946324be6b3b1b8c013bfdf8db av-styling- av-img-linked avia-align-center  avia-builder-el-15  el_after_av_textblock  avia-builder-el-last '   itemprop=\"image\" itemscope=\"itemscope\" itemtype=\"https:\/\/schema.org\/ImageObject\" ><div class=\"avia-image-container-inner\"><div class=\"avia-image-overlay-wrap\"><a href=\"https:\/\/greenyard.ee\/et\/teenused\/#construction-sector\" class='avia_image '  aria-label='constructionsectorworkers'><img decoding=\"async\" fetchpriority=\"high\" class='wp-image-1003 avia-img-lazy-loading-not-1003 avia_image ' src=\"https:\/\/greenyard.ee\/wp-content\/uploads\/2015\/02\/constructionsectorworkers.jpg\" alt='' title='constructionsectorworkers'  height=\"250\" width=\"400\"  itemprop=\"thumbnailUrl\" srcset=\"https:\/\/greenyard.ee\/wp-content\/uploads\/2015\/02\/constructionsectorworkers.jpg 400w, https:\/\/greenyard.ee\/wp-content\/uploads\/2015\/02\/constructionsectorworkers-300x188.jpg 300w\" sizes=\"(max-width: 400px) 100vw, 400px\" \/><\/a><\/div><\/div><\/div><\/p><\/div><\/div><!--close column table wrapper. Autoclose: 1 -->\n<style type=\"text\/css\" data-created_by=\"avia_inline_auto\" id=\"style-css-av-av_one_third-7199356cb1d68f50727093e953985fb3\">\n.flex_column.av-av_one_third-7199356cb1d68f50727093e953985fb3{\nborder-radius:0px 0px 0px 0px;\npadding:0px 0px 0px 0px;\n}\n<\/style>\n<div  class='flex_column av-av_one_third-7199356cb1d68f50727093e953985fb3 av_one_third  avia-builder-el-16  el_after_av_one_third  el_before_av_one_third  first flex_column_div  column-top-margin'     ><section  class='av_textblock_section av-av_textblock-0366cc7376be6c9e82a3e9cc8987b64f '   itemscope=\"itemscope\" itemtype=\"https:\/\/schema.org\/CreativeWork\" ><div class='avia_textblock'  itemprop=\"text\" ><h2><span style=\"color: #545454;\">KALAT\u00d6\u00d6STUSE T\u00d6\u00d6TAJAD<\/span><\/h2>\n<\/div><\/section><br \/>\n\n<style type=\"text\/css\" data-created_by=\"avia_inline_auto\" id=\"style-css-av-av_image-5426af36d31a61e0729ee3be4dc35e5c\">\n.avia-image-container.av-av_image-5426af36d31a61e0729ee3be4dc35e5c img.avia_image{\nbox-shadow:none;\n}\n.avia-image-container.av-av_image-5426af36d31a61e0729ee3be4dc35e5c .av-image-caption-overlay-center{\ncolor:#ffffff;\n}\n<\/style>\n<div  class='avia-image-container av-av_image-5426af36d31a61e0729ee3be4dc35e5c av-styling- av-img-linked avia-align-center  avia-builder-el-18  el_after_av_textblock  avia-builder-el-last '   itemprop=\"image\" itemscope=\"itemscope\" itemtype=\"https:\/\/schema.org\/ImageObject\" ><div class=\"avia-image-container-inner\"><div class=\"avia-image-overlay-wrap\"><a href=\"https:\/\/greenyard.ee\/et\/teenused\/#fish-industry\" class='avia_image '  aria-label='fishindustry'><img decoding=\"async\" fetchpriority=\"high\" class='wp-image-1041 avia-img-lazy-loading-not-1041 avia_image ' src=\"https:\/\/greenyard.ee\/wp-content\/uploads\/2015\/02\/fishindustry.jpg\" alt='' title='fishindustry'  height=\"250\" width=\"400\"  itemprop=\"thumbnailUrl\" srcset=\"https:\/\/greenyard.ee\/wp-content\/uploads\/2015\/02\/fishindustry.jpg 400w, https:\/\/greenyard.ee\/wp-content\/uploads\/2015\/02\/fishindustry-300x188.jpg 300w\" sizes=\"(max-width: 400px) 100vw, 400px\" \/><\/a><\/div><\/div><\/div><\/p><\/div>\n<style type=\"text\/css\" data-created_by=\"avia_inline_auto\" id=\"style-css-av-av_one_third-0aa7055fe62c3622faec82866afbaeb2\">\n.flex_column.av-av_one_third-0aa7055fe62c3622faec82866afbaeb2{\nborder-radius:0px 0px 0px 0px;\npadding:0px 0px 0px 0px;\n}\n<\/style>\n<div  class='flex_column av-av_one_third-0aa7055fe62c3622faec82866afbaeb2 av_one_third  avia-builder-el-19  el_after_av_one_third  el_before_av_one_third  flex_column_div av-zero-column-padding  column-top-margin'     ><section  class='av_textblock_section av-av_textblock-0366cc7376be6c9e82a3e9cc8987b64f '   itemscope=\"itemscope\" itemtype=\"https:\/\/schema.org\/CreativeWork\" ><div class='avia_textblock'  itemprop=\"text\" ><h2><span style=\"color: #545454;\">P\u00d5LLUMAJANDUSSEKTORI T\u00d6\u00d6TAJAD<\/span><\/h2>\n<\/div><\/section><br \/>\n\n<style type=\"text\/css\" data-created_by=\"avia_inline_auto\" id=\"style-css-av-av_image-758ee6ccd5f8e82befc7333c0cb00a68\">\n.avia-image-container.av-av_image-758ee6ccd5f8e82befc7333c0cb00a68 img.avia_image{\nbox-shadow:none;\n}\n.avia-image-container.av-av_image-758ee6ccd5f8e82befc7333c0cb00a68 .av-image-caption-overlay-center{\ncolor:#ffffff;\n}\n<\/style>\n<div  class='avia-image-container av-av_image-758ee6ccd5f8e82befc7333c0cb00a68 av-styling- av-img-linked avia-align-center  avia-builder-el-21  el_after_av_textblock  avia-builder-el-last '   itemprop=\"image\" itemscope=\"itemscope\" itemtype=\"https:\/\/schema.org\/ImageObject\" ><div class=\"avia-image-container-inner\"><div class=\"avia-image-overlay-wrap\"><a href=\"https:\/\/greenyard.ee\/et\/teenused\/#agricultural-sector\" class='avia_image '  aria-label='agriculturalsectorworkers'><img decoding=\"async\" fetchpriority=\"high\" class='wp-image-1015 avia-img-lazy-loading-not-1015 avia_image ' src=\"https:\/\/greenyard.ee\/wp-content\/uploads\/2015\/02\/agriculturalsectorworkers.jpg\" alt='' title='agriculturalsectorworkers'  height=\"250\" width=\"400\"  itemprop=\"thumbnailUrl\" srcset=\"https:\/\/greenyard.ee\/wp-content\/uploads\/2015\/02\/agriculturalsectorworkers.jpg 400w, https:\/\/greenyard.ee\/wp-content\/uploads\/2015\/02\/agriculturalsectorworkers-300x188.jpg 300w\" sizes=\"(max-width: 400px) 100vw, 400px\" \/><\/a><\/div><\/div><\/div><\/p><\/div>\n<style type=\"text\/css\" data-created_by=\"avia_inline_auto\" id=\"style-css-av-av_one_third-0aa7055fe62c3622faec82866afbaeb2\">\n.flex_column.av-av_one_third-0aa7055fe62c3622faec82866afbaeb2{\nborder-radius:0px 0px 0px 0px;\npadding:0px 0px 0px 0px;\n}\n<\/style>\n<div  class='flex_column av-av_one_third-0aa7055fe62c3622faec82866afbaeb2 av_one_third  avia-builder-el-22  el_after_av_one_third  avia-builder-el-last  flex_column_div av-zero-column-padding  column-top-margin'     ><section  class='av_textblock_section av-av_textblock-0366cc7376be6c9e82a3e9cc8987b64f '   itemscope=\"itemscope\" itemtype=\"https:\/\/schema.org\/CreativeWork\" ><div class='avia_textblock'  itemprop=\"text\" ><h2><span style=\"color: #545454;\">TEENINDUSVALDKONNA T\u00d6\u00d6TAJAD<\/span><\/h2>\n<\/div><\/section><br \/>\n\n<style type=\"text\/css\" data-created_by=\"avia_inline_auto\" id=\"style-css-av-av_image-282ee5a0a311788d50cf7f6641938573\">\n.avia-image-container.av-av_image-282ee5a0a311788d50cf7f6641938573 img.avia_image{\nbox-shadow:none;\n}\n.avia-image-container.av-av_image-282ee5a0a311788d50cf7f6641938573 .av-image-caption-overlay-center{\ncolor:#ffffff;\n}\n<\/style>\n<div  class='avia-image-container av-av_image-282ee5a0a311788d50cf7f6641938573 av-styling- av-img-linked avia-align-center  avia-builder-el-24  el_after_av_textblock  avia-builder-el-last '   itemprop=\"image\" itemscope=\"itemscope\" itemtype=\"https:\/\/schema.org\/ImageObject\" ><div class=\"avia-image-container-inner\"><div class=\"avia-image-overlay-wrap\"><a href=\"https:\/\/greenyard.ee\/et\/teenused\/#service-sector\" class='avia_image '  aria-label='servicesectorworkers'><img decoding=\"async\" fetchpriority=\"high\" class='wp-image-1017 avia-img-lazy-loading-not-1017 avia_image ' src=\"https:\/\/greenyard.ee\/wp-content\/uploads\/2015\/02\/servicesectorworkers.jpg\" alt='' title='servicesectorworkers'  height=\"250\" width=\"400\"  itemprop=\"thumbnailUrl\" srcset=\"https:\/\/greenyard.ee\/wp-content\/uploads\/2015\/02\/servicesectorworkers.jpg 400w, https:\/\/greenyard.ee\/wp-content\/uploads\/2015\/02\/servicesectorworkers-300x188.jpg 300w\" sizes=\"(max-width: 400px) 100vw, 400px\" \/><\/a><\/div><\/div><\/div><\/p><\/div>\n<\/div><\/div><\/div><!-- close content main div --><\/div><\/div><div id='after_section_1'  class='main_color av_default_container_wrap container_wrap fullsize'  ><div class='container av-section-cont-open' ><div class='template-page content  av-content-full alpha units'><div class='post-entry post-entry-type-page post-entry-780'><div class='entry-content-wrapper clearfix'>\n<div class='flex_column_table av-av_one_full-d5e719a4b1753bf52553a1bc128d9b90 sc-av_one_full av-equal-height-column-flextable'>\n<style type=\"text\/css\" data-created_by=\"avia_inline_auto\" id=\"style-css-av-av_one_full-d5e719a4b1753bf52553a1bc128d9b90\">\n.flex_column.av-av_one_full-d5e719a4b1753bf52553a1bc128d9b90{\nborder-radius:0px 0px 0px 0px;\npadding:0px 0px 0px 0px;\n}\n<\/style>\n<div  class='flex_column av-av_one_full-d5e719a4b1753bf52553a1bc128d9b90 av_one_full  avia-builder-el-25  el_after_av_section  avia-builder-el-no-sibling  first flex_column_table_cell av-equal-height-column av-align-top av-zero-column-padding  '     ><section  class='av_textblock_section av-av_textblock-0366cc7376be6c9e82a3e9cc8987b64f '   itemscope=\"itemscope\" itemtype=\"https:\/\/schema.org\/CreativeWork\" ><div class='avia_textblock'  itemprop=\"text\" ><h1><a href=\"http:\/\/greenyard.ee\/company\/\">EELISED<\/a><\/h1>\n<\/div><\/section><br \/>\n<section  class='av_textblock_section av-av_textblock-0366cc7376be6c9e82a3e9cc8987b64f '   itemscope=\"itemscope\" itemtype=\"https:\/\/schema.org\/CreativeWork\" ><div class='avia_textblock'  itemprop=\"text\" ><ul>\n<li>Raha- ja ajakulu v\u00e4hendamine v\u00e4rbamisprotsessile.<\/li>\n<li>Pangakulude optimeerimine &#8211; ainult \u00fcks makse, mis juba sisaldab k\u00f5iki palgatasusid ja makse.<\/li>\n<li>Me tegeleme maksude, deposiitide ja kohustuste k\u00fcsimustega.<\/li>\n<li>Me tegeleme rendit\u00f6\u00f6j\u00f5uga seotud aruandlusega.<\/li>\n<li>Me tegeleme t\u00f6\u00f6lepingute l\u00f5petamisega.<\/li>\n<li>Me s\u00e4\u00e4stame Teie aega ja raha.<\/li>\n<\/ul>\n<\/div><\/section><br \/>\n\n<style type=\"text\/css\" data-created_by=\"avia_inline_auto\" id=\"style-css-av-av_hr-5ea7596238ed9f191e6b5e662093052f\">\n#top .hr.hr-invisible.av-av_hr-5ea7596238ed9f191e6b5e662093052f{\nheight:30px;\n}\n<\/style>\n<div  class='hr av-av_hr-5ea7596238ed9f191e6b5e662093052f hr-invisible  avia-builder-el-28  el_after_av_textblock  el_before_av_textblock '><span class='hr-inner '><span class=\"hr-inner-style\"><\/span><\/span><\/div><br \/>\n<section  class='av_textblock_section av-av_textblock-0366cc7376be6c9e82a3e9cc8987b64f '   itemscope=\"itemscope\" itemtype=\"https:\/\/schema.org\/CreativeWork\" ><div class='avia_textblock'  itemprop=\"text\" ><p><a title=\"Vaata GREENYARD O\u00dc kontrollitud krediidireitingut krediidiraportid.ee lehel\" href=\"https:\/\/krediidiraportid.ee\/node\/338115\"><img decoding=\"async\" src=\"https:\/\/krediidiraportid.ee\/live-logo\/landscape_b\/et\/greenyard-ou.png\" alt=\"GREENYARD O\u00dc krediidireiting\" \/><\/a><\/p>\n<\/div><\/section><\/p><\/div><\/div><!--close column table wrapper. Autoclose: 1 -->\n","protected":false},"excerpt":{"rendered":"","protected":false},"author":1,"featured_media":0,"parent":0,"menu_order":0,"comment_status":"open","ping_status":"open","template":"","meta":{"footnotes":""},"yoast_head":"<!-- This site is optimized with the Yoast SEO plugin v24.4 - https:\/\/yoast.com\/wordpress\/plugins\/seo\/ -->\n<title>Greenyard - We give you power for work<\/title>\n<meta name=\"robots\" content=\"index, follow, max-snippet:-1, max-image-preview:large, max-video-preview:-1\" \/>\n<link rel=\"canonical\" href=\"https:\/\/greenyard.ee\/et\/\" \/>\n<meta property=\"og:locale\" content=\"et_EE\" \/>\n<meta property=\"og:type\" content=\"article\" \/>\n<meta property=\"og:title\" content=\"Greenyard - We give you power for work\" \/>\n<meta property=\"og:url\" content=\"https:\/\/greenyard.ee\/et\/\" \/>\n<meta property=\"og:site_name\" content=\"Greenyard\" \/>\n<meta property=\"article:modified_time\" content=\"2017-04-03T09:41:30+00:00\" \/>\n<meta property=\"og:image\" content=\"https:\/\/krediidiraportid.ee\/live-logo\/landscape_b\/et\/greenyard-ou.png\" \/>\n<meta name=\"twitter:card\" content=\"summary_large_image\" \/>\n<meta name=\"twitter:label1\" content=\"Est. reading time\" \/>\n\t<meta name=\"twitter:data1\" content=\"6 minutit\" \/>\n<script type=\"application\/ld+json\" class=\"yoast-schema-graph\">{\"@context\":\"https:\/\/schema.org\",\"@graph\":[{\"@type\":\"WebPage\",\"@id\":\"https:\/\/greenyard.ee\/et\/\",\"url\":\"https:\/\/greenyard.ee\/et\/\",\"name\":\"Greenyard - We give you power for work\",\"isPartOf\":{\"@id\":\"https:\/\/greenyard.ee\/#website\"},\"primaryImageOfPage\":{\"@id\":\"https:\/\/greenyard.ee\/et\/#primaryimage\"},\"image\":{\"@id\":\"https:\/\/greenyard.ee\/et\/#primaryimage\"},\"thumbnailUrl\":\"https:\/\/krediidiraportid.ee\/live-logo\/landscape_b\/et\/greenyard-ou.png\",\"datePublished\":\"2015-02-22T19:55:57+00:00\",\"dateModified\":\"2017-04-03T09:41:30+00:00\",\"breadcrumb\":{\"@id\":\"https:\/\/greenyard.ee\/et\/#breadcrumb\"},\"inLanguage\":\"et\",\"potentialAction\":[{\"@type\":\"ReadAction\",\"target\":[\"https:\/\/greenyard.ee\/et\/\"]}]},{\"@type\":\"ImageObject\",\"inLanguage\":\"et\",\"@id\":\"https:\/\/greenyard.ee\/et\/#primaryimage\",\"url\":\"https:\/\/krediidiraportid.ee\/live-logo\/landscape_b\/et\/greenyard-ou.png\",\"contentUrl\":\"https:\/\/krediidiraportid.ee\/live-logo\/landscape_b\/et\/greenyard-ou.png\"},{\"@type\":\"BreadcrumbList\",\"@id\":\"https:\/\/greenyard.ee\/et\/#breadcrumb\",\"itemListElement\":[{\"@type\":\"ListItem\",\"position\":1,\"name\":\"Home\",\"item\":\"https:\/\/greenyard.ee\/et\/\"},{\"@type\":\"ListItem\",\"position\":2,\"name\":\"Esileht\"}]},{\"@type\":\"WebSite\",\"@id\":\"https:\/\/greenyard.ee\/#website\",\"url\":\"https:\/\/greenyard.ee\/\",\"name\":\"Greenyard\",\"description\":\"\",\"potentialAction\":[{\"@type\":\"SearchAction\",\"target\":{\"@type\":\"EntryPoint\",\"urlTemplate\":\"https:\/\/greenyard.ee\/?s={search_term_string}\"},\"query-input\":{\"@type\":\"PropertyValueSpecification\",\"valueRequired\":true,\"valueName\":\"search_term_string\"}}],\"inLanguage\":\"et\"}]}<\/script>\n<!-- \/ Yoast SEO plugin. -->","yoast_head_json":{"title":"Greenyard - We give you power for work","robots":{"index":"index","follow":"follow","max-snippet":"max-snippet:-1","max-image-preview":"max-image-preview:large","max-video-preview":"max-video-preview:-1"},"canonical":"https:\/\/greenyard.ee\/et\/","og_locale":"et_EE","og_type":"article","og_title":"Greenyard - We give you power for work","og_url":"https:\/\/greenyard.ee\/et\/","og_site_name":"Greenyard","article_modified_time":"2017-04-03T09:41:30+00:00","og_image":[{"url":"https:\/\/krediidiraportid.ee\/live-logo\/landscape_b\/et\/greenyard-ou.png","type":"","width":"","height":""}],"twitter_card":"summary_large_image","twitter_misc":{"Est. reading time":"6 minutit"},"schema":{"@context":"https:\/\/schema.org","@graph":[{"@type":"WebPage","@id":"https:\/\/greenyard.ee\/et\/","url":"https:\/\/greenyard.ee\/et\/","name":"Greenyard - We give you power for work","isPartOf":{"@id":"https:\/\/greenyard.ee\/#website"},"primaryImageOfPage":{"@id":"https:\/\/greenyard.ee\/et\/#primaryimage"},"image":{"@id":"https:\/\/greenyard.ee\/et\/#primaryimage"},"thumbnailUrl":"https:\/\/krediidiraportid.ee\/live-logo\/landscape_b\/et\/greenyard-ou.png","datePublished":"2015-02-22T19:55:57+00:00","dateModified":"2017-04-03T09:41:30+00:00","breadcrumb":{"@id":"https:\/\/greenyard.ee\/et\/#breadcrumb"},"inLanguage":"et","potentialAction":[{"@type":"ReadAction","target":["https:\/\/greenyard.ee\/et\/"]}]},{"@type":"ImageObject","inLanguage":"et","@id":"https:\/\/greenyard.ee\/et\/#primaryimage","url":"https:\/\/krediidiraportid.ee\/live-logo\/landscape_b\/et\/greenyard-ou.png","contentUrl":"https:\/\/krediidiraportid.ee\/live-logo\/landscape_b\/et\/greenyard-ou.png"},{"@type":"BreadcrumbList","@id":"https:\/\/greenyard.ee\/et\/#breadcrumb","itemListElement":[{"@type":"ListItem","position":1,"name":"Home","item":"https:\/\/greenyard.ee\/et\/"},{"@type":"ListItem","position":2,"name":"Esileht"}]},{"@type":"WebSite","@id":"https:\/\/greenyard.ee\/#website","url":"https:\/\/greenyard.ee\/","name":"Greenyard","description":"","potentialAction":[{"@type":"SearchAction","target":{"@type":"EntryPoint","urlTemplate":"https:\/\/greenyard.ee\/?s={search_term_string}"},"query-input":{"@type":"PropertyValueSpecification","valueRequired":true,"valueName":"search_term_string"}}],"inLanguage":"et"}]}},"_links":{"self":[{"href":"https:\/\/greenyard.ee\/et\/wp-json\/wp\/v2\/pages\/780"}],"collection":[{"href":"https:\/\/greenyard.ee\/et\/wp-json\/wp\/v2\/pages"}],"about":[{"href":"https:\/\/greenyard.ee\/et\/wp-json\/wp\/v2\/types\/page"}],"author":[{"embeddable":true,"href":"https:\/\/greenyard.ee\/et\/wp-json\/wp\/v2\/users\/1"}],"replies":[{"embeddable":true,"href":"https:\/\/greenyard.ee\/et\/wp-json\/wp\/v2\/comments?post=780"}],"version-history":[{"count":4,"href":"https:\/\/greenyard.ee\/et\/wp-json\/wp\/v2\/pages\/780\/revisions"}],"predecessor-version":[{"id":899,"href":"https:\/\/greenyard.ee\/et\/wp-json\/wp\/v2\/pages\/780\/revisions\/899"}],"wp:attachment":[{"href":"https:\/\/greenyard.ee\/et\/wp-json\/wp\/v2\/media?parent=780"}],"curies":[{"name":"wp","href":"https:\/\/api.w.org\/{rel}","templated":true}]}}